{"id":884,"date":"2021-02-22T12:57:04","date_gmt":"2021-02-22T12:57:04","guid":{"rendered":"http:\/\/kootoswis.net\/ifcops\/?page_id=884"},"modified":"2022-02-28T09:34:33","modified_gmt":"2022-02-28T09:34:33","slug":"louise-antunes","status":"publish","type":"page","link":"https:\/\/kootoswis.net\/ifcops\/louise-antunes","title":{"rendered":"Louise Antunes"},"content":{"rendered":"\t\t<div data-elementor-type=\"wp-page\" data-elementor-id=\"884\" class=\"elementor elementor-884\" data-elementor-settings=\"[]\">\n\t\t\t\t\t\t<div class=\"elementor-inner\">\n\t\t\t\t\t\t\t<div class=\"elementor-section-wrap\">\n\t\t\t\t\t\t\t<section class=\"elementor-section elementor-top-section elementor-element elementor-element-56155910 elementor-section-height-min-height elementor-section-boxed elementor-section-height-default elementor-section-items-middle\" data-id=\"56155910\" data-element_type=\"section\" data-settings=\"{&quot;background_background&quot;:&quot;classic&quot;}\">\n\t\t\t\t\t\t\t<div class=\"elementor-background-overlay\"><\/div>\n\t\t\t\t\t\t\t<div class=\"elementor-container elementor-column-gap-default\">\n\t\t\t\t\t\t\t<div class=\"elementor-row\">\n\t\t\t\t\t<div class=\"elementor-column elementor-col-100 elementor-top-column elementor-element elementor-element-33ed9aa7\" data-id=\"33ed9aa7\" data-element_type=\"column\">\n\t\t\t<div class=\"elementor-column-wrap elementor-element-populated\">\n\t\t\t\t\t\t\t<div class=\"elementor-widget-wrap\">\n\t\t\t\t\t\t<div class=\"elementor-element elementor-element-0711957 elementor-tablet-align-center elementor-widget elementor-widget-button\" data-id=\"0711957\" data-element_type=\"widget\" data-widget_type=\"button.default\">\n\t\t\t\t<div class=\"elementor-widget-container\">\n\t\t\t\t\t<div class=\"elementor-button-wrapper\">\n\t\t\t<a href=\"https:\/\/kootoswis.net\/ifcops\/nos-formateurs\" class=\"elementor-button-link elementor-button elementor-size-sm elementor-animation-float\" role=\"button\">\n\t\t\t\t\t\t<span class=\"elementor-button-content-wrapper\">\n\t\t\t\t\t\t<span class=\"elementor-button-icon elementor-align-icon-left\">\n\t\t\t\t<svg xmlns=\"http:\/\/www.w3.org\/2000\/svg\" id=\"fd2f49a6-6eec-49e1-8adc-3c522f94dca6\" data-name=\"b385ca18-4b85-46d4-bb4b-571c73a19812\" width=\"30.1341\" height=\"18.1738\" viewBox=\"0 0 30.1341 18.1738\"><title>arrow-left<\/title><path d=\"M.2406,9.6909l8.2219,8.2213a.8482.8482,0,0,0,.601.261l.0147.0006a.8528.8528,0,0,0,.5956-.2409.8641.8641,0,0,0,.0105-1.2221l-.0078-.0079L2.9147,9.9418H29.259a.8566.8566,0,1,0,.0185-1.7131H2.9147L9.6738,1.47A.8576.8576,0,0,0,9.6952.2583.8462.8462,0,0,0,9.0852,0a.8951.8951,0,0,0-.621.2556L.2409,8.48A.8587.8587,0,0,0,.2406,9.6909Z\" transform=\"translate(0.0092 0)\"><\/path><\/svg>\t\t\t<\/span>\n\t\t\t\t\t\t<span class=\"elementor-button-text\">Retour aux formateurs<\/span>\n\t\t<\/span>\n\t\t\t\t\t<\/a>\n\t\t<\/div>\n\t\t\t\t<\/div>\n\t\t\t\t<\/div>\n\t\t\t\t<div class=\"elementor-element elementor-element-49f1988d elementor-widget elementor-widget-heading\" data-id=\"49f1988d\" data-element_type=\"widget\" data-widget_type=\"heading.default\">\n\t\t\t\t<div class=\"elementor-widget-container\">\n\t\t\t<h1 class=\"elementor-heading-title elementor-size-default\">NOS <b>formateurs ost\u00e9opathes <\/b> certifi\u00e9s<\/h1>\t\t<\/div>\n\t\t\t\t<\/div>\n\t\t\t\t\t\t<\/div>\n\t\t\t\t\t<\/div>\n\t\t<\/div>\n\t\t\t\t\t\t\t\t<\/div>\n\t\t\t\t\t<\/div>\n\t\t<\/section>\n\t\t\t\t<section class=\"elementor-section elementor-top-section elementor-element elementor-element-8f0f797 elementor-section-boxed elementor-section-height-default elementor-section-height-default\" data-id=\"8f0f797\" data-element_type=\"section\">\n\t\t\t\t\t\t<div class=\"elementor-container elementor-column-gap-default\">\n\t\t\t\t\t\t\t<div class=\"elementor-row\">\n\t\t\t\t\t<div class=\"elementor-column elementor-col-50 elementor-top-column elementor-element elementor-element-ccb2c5c\" data-id=\"ccb2c5c\" data-element_type=\"column\">\n\t\t\t<div class=\"elementor-column-wrap elementor-element-populated\">\n\t\t\t\t\t\t\t<div class=\"elementor-widget-wrap\">\n\t\t\t\t\t\t<div class=\"elementor-element elementor-element-a41f0b7 elementor-widget elementor-widget-image\" data-id=\"a41f0b7\" data-element_type=\"widget\" data-widget_type=\"image.default\">\n\t\t\t\t<div class=\"elementor-widget-container\">\n\t\t\t\t\t<div class=\"elementor-image\">\n\t\t\t\t\t\t\t\t\t\t<img loading=\"lazy\" decoding=\"async\" width=\"300\" height=\"300\" src=\"https:\/\/kootoswis.net\/ifcops\/wp-content\/uploads\/2021\/02\/LOUISE-ANTUNES.png\" class=\"attachment-large size-large\" alt=\"\" srcset=\"https:\/\/kootoswis.net\/ifcops\/wp-content\/uploads\/2021\/02\/LOUISE-ANTUNES.png 300w, https:\/\/kootoswis.net\/ifcops\/wp-content\/uploads\/2021\/02\/LOUISE-ANTUNES-150x150.png 150w, https:\/\/kootoswis.net\/ifcops\/wp-content\/uploads\/2021\/02\/LOUISE-ANTUNES-100x100.png 100w\" sizes=\"auto, (max-width: 300px) 100vw, 300px\" \/>\t\t\t\t\t\t\t\t\t\t\t<\/div>\n\t\t\t\t<\/div>\n\t\t\t\t<\/div>\n\t\t\t\t\t\t<\/div>\n\t\t\t\t\t<\/div>\n\t\t<\/div>\n\t\t\t\t<div class=\"elementor-column elementor-col-50 elementor-top-column elementor-element elementor-element-d1a2dd2\" data-id=\"d1a2dd2\" data-element_type=\"column\">\n\t\t\t<div class=\"elementor-column-wrap elementor-element-populated\">\n\t\t\t\t\t\t\t<div class=\"elementor-widget-wrap\">\n\t\t\t\t\t\t<div class=\"elementor-element elementor-element-174faa4 elementor-widget elementor-widget-text-editor\" data-id=\"174faa4\" data-element_type=\"widget\" data-widget_type=\"text-editor.default\">\n\t\t\t\t<div class=\"elementor-widget-container\">\n\t\t\t\t\t<div class=\"elementor-text-editor elementor-clearfix\"><h2><strong>ANTUNES\u00a0<\/strong><br \/><strong>Louise<\/strong><\/h2><p>Ost\u00e9opathe DO<\/p><\/div>\n\t\t\t\t<\/div>\n\t\t\t\t<\/div>\n\t\t\t\t<div class=\"elementor-element elementor-element-32afb19 elementor-widget elementor-widget-toggle\" data-id=\"32afb19\" data-element_type=\"widget\" data-widget_type=\"toggle.default\">\n\t\t\t\t<div class=\"elementor-widget-container\">\n\t\t\t\t\t<div class=\"elementor-toggle\" role=\"tablist\">\n\t\t\t\t\t\t\t<div class=\"elementor-toggle-item\">\n\t\t\t\t\t<div id=\"elementor-tab-title-5311\" class=\"elementor-tab-title\" data-tab=\"1\" role=\"tab\" aria-controls=\"elementor-tab-content-5311\">\n\t\t\t\t\t\t\t\t\t\t\t\t<span class=\"elementor-toggle-icon elementor-toggle-icon-left\" aria-hidden=\"true\">\n\t\t\t\t\t\t\t\t\t\t\t\t\t\t\t<span class=\"elementor-toggle-icon-closed\"><i class=\"fas fa-angle-down\"><\/i><\/span>\n\t\t\t\t\t\t\t\t<span class=\"elementor-toggle-icon-opened\"><i class=\"elementor-toggle-icon-opened fas fa-angle-up\"><\/i><\/span>\n\t\t\t\t\t\t\t\t\t\t\t\t\t<\/span>\n\t\t\t\t\t\t\t\t\t\t\t\t<a href=\"\" class=\"elementor-toggle-title\">Parcours<\/a>\n\t\t\t\t\t<\/div>\n\t\t\t\t\t<div id=\"elementor-tab-content-5311\" class=\"elementor-tab-content elementor-clearfix\" data-tab=\"1\" role=\"tabpanel\" aria-labelledby=\"elementor-tab-title-5311\"><p>Louise Antunes est Ost\u00e9opathe DO depuis 2016. Elle est dipl\u00f4m\u00e9e de l\u2019Ecole Sup\u00e9rieur d\u2019Ost\u00e9opathie. Elle a obtenu en parall\u00e8le un Master 2 Vieillesse-Handicap\u00a0: mouvement et adaptation (Universit\u00e9 Paris Descartes)<\/p><p>En terme de cursus, je suis issue de l\u2019\u00e9cole sup\u00e9rieure d\u2019ost\u00e9opathie (77) et d\u2019un Master sp\u00e9cialis\u00e9 dans le handicap (Paris 5).<\/p><p>Louise Antunes travaille depuis 2011 aupr\u00e8s de personnes autistes. Elle etait responsable dans une association de loisirs pour personnes autistes (2011 \u00e0 2016).<\/p><p>Louise Antunes a suivi plusieurs formations sp\u00e9cifiques notamment : L\u2019approche pr\u00e9coce d\u00e9veloppementale chez l\u2019enfant autiste, Les troubles perceptifs sensoriels chez la personne autiste et troubles alimentaires chez la personne autiste.<\/p><p>Elle a \u00e9galement obtenu un DIU sur la d\u00e9ficience intellectuelle et les troubles neuro d\u00e9veloppementaux en 2018 .<\/p><p>Auparavant, Louise Antunes travaillait au sein de centre douleur d\u2019Etampes pour soins somatiques aupr\u00e8s de patients dyscommunicants. Actuellement, elle intervient au sein d\u2019un IME\/Sessad pour adolescents et enfants autistes et forme des professionnels dans le champs de l\u2019autisme (sensoriel, douleur et alimentation).<\/p><p>Elle exerce au sein de son cabinet situ\u00e9 \u00e0 Paris<\/p><\/div>\n\t\t\t\t<\/div>\n\t\t\t\t\t\t\t<div class=\"elementor-toggle-item\">\n\t\t\t\t\t<div id=\"elementor-tab-title-5312\" class=\"elementor-tab-title\" data-tab=\"2\" role=\"tab\" aria-controls=\"elementor-tab-content-5312\">\n\t\t\t\t\t\t\t\t\t\t\t\t<span class=\"elementor-toggle-icon elementor-toggle-icon-left\" aria-hidden=\"true\">\n\t\t\t\t\t\t\t\t\t\t\t\t\t\t\t<span class=\"elementor-toggle-icon-closed\"><i class=\"fas fa-angle-down\"><\/i><\/span>\n\t\t\t\t\t\t\t\t<span class=\"elementor-toggle-icon-opened\"><i class=\"elementor-toggle-icon-opened fas fa-angle-up\"><\/i><\/span>\n\t\t\t\t\t\t\t\t\t\t\t\t\t<\/span>\n\t\t\t\t\t\t\t\t\t\t\t\t<a href=\"\" class=\"elementor-toggle-title\">Dipl\u00f4mes et Formations<\/a>\n\t\t\t\t\t<\/div>\n\t\t\t\t\t<div id=\"elementor-tab-content-5312\" class=\"elementor-tab-content elementor-clearfix\" data-tab=\"2\" role=\"tabpanel\" aria-labelledby=\"elementor-tab-title-5312\"><ul><li><strong>2019 : Formation ost\u00e9opathique sur les dysfonctionnements endocriniens<\/strong><\/li><li><strong>2018 : Formation troubles alimentaires chez les enfants autistes &#8211; RIAU<\/strong><\/li><li><strong>2018 : RMTI &#8211; Niveaux 1 et 2 &#8211; En mouvement<\/strong><\/li><li><strong>2018 : DU en cours : D\u00e9ficience intellectuelle et handicap mental &#8211; Lyon &#8211; Paris &#8211; S\u00e8te<\/strong><\/li><li><strong>2018 : Formation ost\u00e9opathique : d\u00e9veloppement de l&#8217;enfant &#8211; Ost\u00e9onat<\/strong><\/li><li><strong>2018 : Formation ost\u00e9opathique p\u00e9diatrique biodynamique &#8211; Ost\u00e9onat<\/strong><\/li><li><strong>2018 : Formation sur les particularit\u00e9s perceptives sensorielles chez la personne autiste &#8211; EDI Formation &#8211; Paris<\/strong><\/li><li><strong>2017 : Formation neurop\u00e9diatrie &#8211; Evelyne Soyez &#8211; \u00c9cole sup\u00e9rieure d\u2019ost\u00e9opathie (ESOSUPOSTEO)<\/strong><\/li><li><strong>2017 : Formation en approche pr\u00e9coce de l&#8217;enfant autiste &#8211; EDI Formation &#8211; EDI Formation &#8211; Paris<\/strong><\/li><li><strong>2017 : Formation ost\u00e9opathie p\u00e9diatrique &#8211; CFPCO &#8211; Paris<\/strong><\/li><li><strong>2016 : Dipl\u00f4me d&#8217;ost\u00e9opathe &#8211; \u00c9cole sup\u00e9rieure d\u2019ost\u00e9opathie (ESOSUPOSTEO)<\/strong><\/li><li><strong>2016 : Master 2 Vieillesse &#8211; Handicap : mouvement et adaptation &#8211; Paris V Descartes<\/strong><\/li><\/ul><\/div>\n\t\t\t\t<\/div>\n\t\t\t\t\t\t\t<div class=\"elementor-toggle-item\">\n\t\t\t\t\t<div id=\"elementor-tab-title-5313\" class=\"elementor-tab-title\" data-tab=\"3\" role=\"tab\" aria-controls=\"elementor-tab-content-5313\">\n\t\t\t\t\t\t\t\t\t\t\t\t<span class=\"elementor-toggle-icon elementor-toggle-icon-left\" aria-hidden=\"true\">\n\t\t\t\t\t\t\t\t\t\t\t\t\t\t\t<span class=\"elementor-toggle-icon-closed\"><i class=\"fas fa-angle-down\"><\/i><\/span>\n\t\t\t\t\t\t\t\t<span class=\"elementor-toggle-icon-opened\"><i class=\"elementor-toggle-icon-opened fas fa-angle-up\"><\/i><\/span>\n\t\t\t\t\t\t\t\t\t\t\t\t\t<\/span>\n\t\t\t\t\t\t\t\t\t\t\t\t<a href=\"\" class=\"elementor-toggle-title\">Formations Dispens\u00e9es<\/a>\n\t\t\t\t\t<\/div>\n\t\t\t\t\t<div id=\"elementor-tab-content-5313\" class=\"elementor-tab-content elementor-clearfix\" data-tab=\"3\" role=\"tabpanel\" aria-labelledby=\"elementor-tab-title-5313\"><p>Prise en charge ost\u00e9opathique des personnes pr\u00e9sentant un Trouble de la Sph\u00e8re Autistique (TSA): <a href=\"http:\/\/kootoswis.net\/ifcops\/prise-en-charge-osteopathique-des-personnes-presentant-un-tsa\">http:\/\/kootoswis.net\/ifcops\/prise-en-charge-osteopathique-des-personnes-presentant-un-tsa<\/a><\/p><\/div>\n\t\t\t\t<\/div>\n\t\t\t\t\t<\/div>\n\t\t\t\t<\/div>\n\t\t\t\t<\/div>\n\t\t\t\t<div class=\"elementor-element elementor-element-b9d4617 e-grid-align-left elementor-shape-rounded elementor-grid-0 elementor-widget elementor-widget-social-icons\" data-id=\"b9d4617\" data-element_type=\"widget\" data-widget_type=\"social-icons.default\">\n\t\t\t\t<div class=\"elementor-widget-container\">\n\t\t\t\t\t<div class=\"elementor-social-icons-wrapper elementor-grid\">\n\t\t\t\t\t\t\t<div class=\"elementor-grid-item\">\n\t\t\t\t\t<a class=\"elementor-icon elementor-social-icon elementor-social-icon-facebook elementor-repeater-item-407e1c5\" href=\"https:\/\/www.facebook.com\/louise.antunes.5\" target=\"_blank\">\n\t\t\t\t\t\t<span class=\"elementor-screen-only\">Facebook<\/span>\n\t\t\t\t\t\t<i class=\"fab fa-facebook\"><\/i>\t\t\t\t\t<\/a>\n\t\t\t\t<\/div>\n\t\t\t\t\t\t\t<div class=\"elementor-grid-item\">\n\t\t\t\t\t<a class=\"elementor-icon elementor-social-icon elementor-social-icon-linkedin elementor-repeater-item-424e66c\" href=\"https:\/\/www.linkedin.com\/in\/louise-antunes-769553104\/\" target=\"_blank\">\n\t\t\t\t\t\t<span class=\"elementor-screen-only\">Linkedin<\/span>\n\t\t\t\t\t\t<i class=\"fab fa-linkedin\"><\/i>\t\t\t\t\t<\/a>\n\t\t\t\t<\/div>\n\t\t\t\t\t\t\t<div class=\"elementor-grid-item\">\n\t\t\t\t\t<a class=\"elementor-icon elementor-social-icon elementor-social-icon-internet-explorer elementor-repeater-item-547ae41\" href=\"https:\/\/www.louiseantunes-osteopathe.com\" target=\"_blank\">\n\t\t\t\t\t\t<span class=\"elementor-screen-only\">Internet-explorer<\/span>\n\t\t\t\t\t\t<i class=\"fab fa-internet-explorer\"><\/i>\t\t\t\t\t<\/a>\n\t\t\t\t<\/div>\n\t\t\t\t\t<\/div>\n\t\t\t\t<\/div>\n\t\t\t\t<\/div>\n\t\t\t\t\t\t<\/div>\n\t\t\t\t\t<\/div>\n\t\t<\/div>\n\t\t\t\t\t\t\t\t<\/div>\n\t\t\t\t\t<\/div>\n\t\t<\/section>\n\t\t\t\t<section class=\"elementor-section elementor-top-section elementor-element elementor-element-5763c25b elementor-section-height-min-height elementor-section-items-stretch elementor-section-boxed elementor-section-height-default\" data-id=\"5763c25b\" data-element_type=\"section\">\n\t\t\t\t\t\t<div class=\"elementor-container elementor-column-gap-default\">\n\t\t\t\t\t\t\t<div class=\"elementor-row\">\n\t\t\t\t\t<div class=\"elementor-column elementor-col-100 elementor-top-column elementor-element elementor-element-430fb7fa\" data-id=\"430fb7fa\" data-element_type=\"column\" data-settings=\"{&quot;background_background&quot;:&quot;classic&quot;}\">\n\t\t\t<div class=\"elementor-column-wrap elementor-element-populated\">\n\t\t\t\t\t\t\t<div class=\"elementor-widget-wrap\">\n\t\t\t\t\t\t<div class=\"elementor-element elementor-element-5d9470de elementor-widget elementor-widget-heading\" data-id=\"5d9470de\" data-element_type=\"widget\" data-widget_type=\"heading.default\">\n\t\t\t\t<div class=\"elementor-widget-container\">\n\t\t\t<h2 class=\"elementor-heading-title elementor-size-default\">Des formations faites  <b> par des ost\u00e9opathes certifi\u00e9s<\/b><\/h2>\t\t<\/div>\n\t\t\t\t<\/div>\n\t\t\t\t<div class=\"elementor-element elementor-element-9d3ba93 elementor-align-center elementor-widget elementor-widget-button\" data-id=\"9d3ba93\" data-element_type=\"widget\" data-widget_type=\"button.default\">\n\t\t\t\t<div class=\"elementor-widget-container\">\n\t\t\t\t\t<div class=\"elementor-button-wrapper\">\n\t\t\t<a href=\"http:\/\/kootoswis.net\/ifcops\/nous-contacter\" class=\"elementor-button-link elementor-button elementor-size-md\" role=\"button\">\n\t\t\t\t\t\t<span class=\"elementor-button-content-wrapper\">\n\t\t\t\t\t\t<span class=\"elementor-button-text\">Je suis int\u00e9ress\u00e9(e) par une des formations<\/span>\n\t\t<\/span>\n\t\t\t\t\t<\/a>\n\t\t<\/div>\n\t\t\t\t<\/div>\n\t\t\t\t<\/div>\n\t\t\t\t\t\t<\/div>\n\t\t\t\t\t<\/div>\n\t\t<\/div>\n\t\t\t\t\t\t\t\t<\/div>\n\t\t\t\t\t<\/div>\n\t\t<\/section>\n\t\t\t\t<section class=\"elementor-section elementor-top-section elementor-element elementor-element-d696bbf elementor-section-boxed elementor-section-height-default elementor-section-height-default\" data-id=\"d696bbf\" data-element_type=\"section\">\n\t\t\t\t\t\t<div class=\"elementor-container elementor-column-gap-default\">\n\t\t\t\t\t\t\t<div class=\"elementor-row\">\n\t\t\t\t\t<div class=\"elementor-column elementor-col-100 elementor-top-column elementor-element elementor-element-89e7a64\" data-id=\"89e7a64\" data-element_type=\"column\">\n\t\t\t<div class=\"elementor-column-wrap elementor-element-populated\">\n\t\t\t\t\t\t\t<div class=\"elementor-widget-wrap\">\n\t\t\t\t\t\t<div class=\"elementor-element elementor-element-06ccdeb elementor-widget-divider--separator-type-pattern elementor-widget-divider--no-spacing elementor-widget-divider--view-line elementor-widget elementor-widget-divider\" data-id=\"06ccdeb\" data-element_type=\"widget\" data-widget_type=\"divider.default\">\n\t\t\t\t<div class=\"elementor-widget-container\">\n\t\t\t\t\t<div class=\"elementor-divider\" style=\"--divider-pattern-url: url(&quot;data:image\/svg+xml,%3Csvg xmlns=&#039;http:\/\/www.w3.org\/2000\/svg&#039; preserveAspectRatio=&#039;xMidYMid meet&#039; overflow=&#039;visible&#039; height=&#039;100%&#039; viewBox=&#039;0 0 126 26&#039; fill=&#039;black&#039; stroke=&#039;none&#039;%3E%3Cpath d=&#039;M10.7,6l2.5,2.6l-4,4.3l4,5.4l-2.5,1.9l-4.5-5.2l-3.9,4.2L0.7,17L4,13.1L0,8.6l2.3-1.3l3.9,3.9L10.7,6z M23.9,6.6l4.2,4.5L32,7.2l2.3,1.3l-4,4.5l3.2,3.9L32,19.1l-3.9-3.3l-4.5,4.3l-2.5-1.9l4.4-5.1l-4.2-3.9L23.9,6.6zM73.5,6L76,8.6l-4,4.3l4,5.4l-2.5,1.9l-4.5-5.2l-3.9,4.2L63.5,17l4.1-4.7L63.5,8l2.3-1.3l4.1,3.6L73.5,6z M94,6l2.5,2.6l-4,4.3l4,5.4L94,20.1l-3.9-5l-3.9,4.2L84,17l3.2-3.9L84,8.6l2.3-1.3l3.2,3.9L94,6z M106.9,6l4.5,5.1l3.9-3.9l2.3,1.3l-4,4.5l3.2,3.9l-1.6,2.1l-3.9-4.2l-4.5,5.2l-2.5-1.9l4-5.4l-4-4.3L106.9,6z M53.1,6l2.5,2.6l-4,4.3l4,4.6l-2.5,1.9l-4.5-4.5l-3.5,4.5L43.1,17l3.2-3.9l-4-4.5l2.3-1.3l3.9,3.9L53.1,6z&#039;\/%3E%3C\/svg%3E&quot;);\">\n\t\t\t<span class=\"elementor-divider-separator\">\n\t\t\t\t\t\t<\/span>\n\t\t<\/div>\n\t\t\t\t<\/div>\n\t\t\t\t<\/div>\n\t\t\t\t\t\t<\/div>\n\t\t\t\t\t<\/div>\n\t\t<\/div>\n\t\t\t\t\t\t\t\t<\/div>\n\t\t\t\t\t<\/div>\n\t\t<\/section>\n\t\t\t\t\t\t<\/div>\n\t\t\t\t\t\t<\/div>\n\t\t\t\t\t<\/div>\n\t\t","protected":false},"excerpt":{"rendered":"<p>arrow-left Retour aux formateurs NOS formateurs ost\u00e9opathes certifi\u00e9s ANTUNES\u00a0Louise Ost\u00e9opathe DO Parcours Louise Antunes est Ost\u00e9opathe DO depuis 2016. Elle est dipl\u00f4m\u00e9e de l\u2019Ecole Sup\u00e9rieur d\u2019Ost\u00e9opathie. Elle a obtenu en parall\u00e8le un Master 2 Vieillesse-Handicap\u00a0: mouvement et adaptation (Universit\u00e9 Paris Descartes) En terme de cursus, je suis issue de l\u2019\u00e9cole sup\u00e9rieure d\u2019ost\u00e9opathie (77) et d\u2019un &hellip;<\/p>\n<p class=\"read-more\"> <a class=\"\" href=\"https:\/\/kootoswis.net\/ifcops\/louise-antunes\"> <span class=\"screen-reader-text\">Louise Antunes<\/span> Lire la suite\u00a0\u00bb<\/a><\/p>\n","protected":false},"author":1,"featured_media":0,"parent":0,"menu_order":0,"comment_status":"closed","ping_status":"closed","template":"","meta":{"footnotes":""},"class_list":["post-884","page","type-page","status-publish","hentry"],"_links":{"self":[{"href":"https:\/\/kootoswis.net\/ifcops\/wp-json\/wp\/v2\/pages\/884","targetHints":{"allow":["GET"]}}],"collection":[{"href":"https:\/\/kootoswis.net\/ifcops\/wp-json\/wp\/v2\/pages"}],"about":[{"href":"https:\/\/kootoswis.net\/ifcops\/wp-json\/wp\/v2\/types\/page"}],"author":[{"embeddable":true,"href":"https:\/\/kootoswis.net\/ifcops\/wp-json\/wp\/v2\/users\/1"}],"replies":[{"embeddable":true,"href":"https:\/\/kootoswis.net\/ifcops\/wp-json\/wp\/v2\/comments?post=884"}],"version-history":[{"count":28,"href":"https:\/\/kootoswis.net\/ifcops\/wp-json\/wp\/v2\/pages\/884\/revisions"}],"predecessor-version":[{"id":4149,"href":"https:\/\/kootoswis.net\/ifcops\/wp-json\/wp\/v2\/pages\/884\/revisions\/4149"}],"wp:attachment":[{"href":"https:\/\/kootoswis.net\/ifcops\/wp-json\/wp\/v2\/media?parent=884"}],"curies":[{"name":"wp","href":"https:\/\/api.w.org\/{rel}","templated":true}]}}