{"id":2024,"date":"2021-04-23T12:47:07","date_gmt":"2021-04-23T12:47:07","guid":{"rendered":"https:\/\/kootoswis.net\/ifcops\/?page_id=2024"},"modified":"2022-02-28T09:33:40","modified_gmt":"2022-02-28T09:33:40","slug":"fifpl-et-prise-en-charge","status":"publish","type":"page","link":"https:\/\/kootoswis.net\/ifcops\/fifpl-et-prise-en-charge","title":{"rendered":"FIFPL et Prise en charge"},"content":{"rendered":"\t\t<div data-elementor-type=\"wp-page\" data-elementor-id=\"2024\" class=\"elementor elementor-2024\" data-elementor-settings=\"[]\">\n\t\t\t\t\t\t<div class=\"elementor-inner\">\n\t\t\t\t\t\t\t<div class=\"elementor-section-wrap\">\n\t\t\t\t\t\t\t<section class=\"elementor-section elementor-top-section elementor-element elementor-element-56155910 elementor-section-height-min-height elementor-section-boxed elementor-section-height-default elementor-section-items-middle\" data-id=\"56155910\" data-element_type=\"section\" data-settings=\"{&quot;background_background&quot;:&quot;classic&quot;}\">\n\t\t\t\t\t\t\t<div class=\"elementor-background-overlay\"><\/div>\n\t\t\t\t\t\t\t<div class=\"elementor-container elementor-column-gap-default\">\n\t\t\t\t\t\t\t<div class=\"elementor-row\">\n\t\t\t\t\t<div class=\"elementor-column elementor-col-100 elementor-top-column elementor-element elementor-element-33ed9aa7\" data-id=\"33ed9aa7\" data-element_type=\"column\">\n\t\t\t<div class=\"elementor-column-wrap elementor-element-populated\">\n\t\t\t\t\t\t\t<div class=\"elementor-widget-wrap\">\n\t\t\t\t\t\t<div class=\"elementor-element elementor-element-49f1988d elementor-widget elementor-widget-heading\" data-id=\"49f1988d\" data-element_type=\"widget\" data-widget_type=\"heading.default\">\n\t\t\t\t<div class=\"elementor-widget-container\">\n\t\t\t<h1 class=\"elementor-heading-title elementor-size-default\"><b>FIFPL<\/b> et<b> <\/b>prise en charge<\/h1>\t\t<\/div>\n\t\t\t\t<\/div>\n\t\t\t\t\t\t<\/div>\n\t\t\t\t\t<\/div>\n\t\t<\/div>\n\t\t\t\t\t\t\t\t<\/div>\n\t\t\t\t\t<\/div>\n\t\t<\/section>\n\t\t\t\t<section class=\"elementor-section elementor-top-section elementor-element elementor-element-b8afe77 elementor-section-boxed elementor-section-height-default elementor-section-height-default\" data-id=\"b8afe77\" data-element_type=\"section\">\n\t\t\t\t\t\t<div class=\"elementor-container elementor-column-gap-default\">\n\t\t\t\t\t\t\t<div class=\"elementor-row\">\n\t\t\t\t\t<div class=\"elementor-column elementor-col-100 elementor-top-column elementor-element elementor-element-830edeb\" data-id=\"830edeb\" data-element_type=\"column\">\n\t\t\t<div class=\"elementor-column-wrap elementor-element-populated\">\n\t\t\t\t\t\t\t<div class=\"elementor-widget-wrap\">\n\t\t\t\t\t\t<div class=\"elementor-element elementor-element-11730cc elementor-widget elementor-widget-text-editor\" data-id=\"11730cc\" data-element_type=\"widget\" data-widget_type=\"text-editor.default\">\n\t\t\t\t<div class=\"elementor-widget-container\">\n\t\t\t\t\t<div class=\"elementor-text-editor elementor-clearfix\"><p><span style=\"font-style: inherit; font-family: var( --e-global-typography-text-font-family ), Sans-serif;\">Depuis le 1er Juillet 2018, seules les formations dispens\u00e9es par des organismes de formation r\u00e9f\u00e9renc\u00e9s DATADOCK pourront etre prises encrages par le FIFPL. L&#8217;IFCOPS \u00e9tant <strong>Datadock\u00e9<\/strong> depuis le <strong>26 Avril 2021,<\/strong>ann\u00e9e de sa cr\u00e9ation, nos formations sont susceptibles d&#8217;\u00eatre prises en charge. En tant que <b>professionnels lib\u00e9raux<\/b>, deux types de prises en charge sont possibles:<\/span><\/p><ul><li>Par le <strong>FIF PL<\/strong><\/li><li>Par le <strong>Cr\u00e9dit d&#8217;Imp\u00f4ts.<\/strong><\/li><\/ul><h5><span style=\"font-size: 15px;\">Pour <b>les entreprises<\/b>\u00a0souhaitant former leur personnel, merci de prendre contact avec nous, via le\u00a0<\/span><a style=\"caret-color: #000000; font-family: var( --e-global-typography-text-font-family ), Sans-serif; font-style: inherit; text-align: start; font-size: 1rem;\" href=\"https:\/\/kootoswis.net\/ifcops\/nous-contacter\" target=\"_blank\" rel=\"noopener\">formulaire de contact<\/a><span style=\"font-size: 15px; font-style: inherit; font-family: var( --e-global-typography-text-font-family ), Sans-serif;\">, pour que nous puissions vous renseigner au sujet de ces prises en charge.<\/span><\/h5><\/div>\n\t\t\t\t<\/div>\n\t\t\t\t<\/div>\n\t\t\t\t\t\t<\/div>\n\t\t\t\t\t<\/div>\n\t\t<\/div>\n\t\t\t\t\t\t\t\t<\/div>\n\t\t\t\t\t<\/div>\n\t\t<\/section>\n\t\t\t\t<section class=\"elementor-section elementor-top-section elementor-element elementor-element-a713fe3 elementor-section-boxed elementor-section-height-default elementor-section-height-default\" data-id=\"a713fe3\" data-element_type=\"section\">\n\t\t\t\t\t\t<div class=\"elementor-container elementor-column-gap-default\">\n\t\t\t\t\t\t\t<div class=\"elementor-row\">\n\t\t\t\t\t<div class=\"elementor-column elementor-col-100 elementor-top-column elementor-element elementor-element-af5a7ab\" data-id=\"af5a7ab\" data-element_type=\"column\">\n\t\t\t<div class=\"elementor-column-wrap elementor-element-populated\">\n\t\t\t\t\t\t\t<div class=\"elementor-widget-wrap\">\n\t\t\t\t\t\t<div class=\"elementor-element elementor-element-fd499de elementor-widget elementor-widget-toggle\" data-id=\"fd499de\" data-element_type=\"widget\" data-widget_type=\"toggle.default\">\n\t\t\t\t<div class=\"elementor-widget-container\">\n\t\t\t\t\t<div class=\"elementor-toggle\" role=\"tablist\">\n\t\t\t\t\t\t\t<div class=\"elementor-toggle-item\">\n\t\t\t\t\t<div id=\"elementor-tab-title-2651\" class=\"elementor-tab-title\" data-tab=\"1\" role=\"tab\" aria-controls=\"elementor-tab-content-2651\">\n\t\t\t\t\t\t\t\t\t\t\t\t<span class=\"elementor-toggle-icon elementor-toggle-icon-left\" aria-hidden=\"true\">\n\t\t\t\t\t\t\t\t\t\t\t\t\t\t\t<span class=\"elementor-toggle-icon-closed\"><i class=\"fas fa-caret-right\"><\/i><\/span>\n\t\t\t\t\t\t\t\t<span class=\"elementor-toggle-icon-opened\"><i class=\"elementor-toggle-icon-opened fas fa-caret-up\"><\/i><\/span>\n\t\t\t\t\t\t\t\t\t\t\t\t\t<\/span>\n\t\t\t\t\t\t\t\t\t\t\t\t<a href=\"\" class=\"elementor-toggle-title\">Prise en charge FIF-PL<\/a>\n\t\t\t\t\t<\/div>\n\t\t\t\t\t<div id=\"elementor-tab-content-2651\" class=\"elementor-tab-content elementor-clearfix\" data-tab=\"1\" role=\"tabpanel\" aria-labelledby=\"elementor-tab-title-2651\"><p><strong><u>Modalit\u00e9s pour les ost\u00e9opathes :<br \/><\/u><\/strong><\/p><ul><li style=\"list-style-type: none;\"><ul><li>Pour 2021, les plafonds de prises en charge sur les fonds \u00e0 g\u00e9rer de la profession d&#8217;Ost\u00e9opathes, communiqu\u00e9s par le FIF-PL, sont:<ul><li style=\"list-style-type: none;\"><ul><li style=\"list-style-type: none;\"><ul><li style=\"list-style-type: none;\"><ul><li><span style=\"color: var( --e-global-color-text ); font-family: var( --e-global-typography-text-font-family ), Sans-serif; font-style: inherit;\"><strong>750\u20ac<\/strong> pour les th\u00e8mes prioritaires<\/span><\/li><li><strong>300\u20ac<\/strong> pour les th\u00e8mes non prioritaires<\/li><\/ul><\/li><\/ul><\/li><\/ul><\/li><\/ul><\/li><li>V\u00e9rifiez votre code NAF, celui -ci doit etre 8690ES ou 8690 FS. Vous devez \u00e9galement pouvoir justifier de votre inscription \u00e0 l&#8217;URSSAF en tant que Professionnel Lib\u00e9ral. D\u00e8s lors que vous pouvez attester de votre inscription \u00e0 l&#8217;URSSAF, vous pouvez b\u00e9n\u00e9ficier d&#8217;une prise en charge du FIF PL.<ul><li style=\"list-style-type: none;\"><ul><li><p>Il vous sera n\u00e9cessaire de fournir \u00a0l&#8217;un justificatifs suivants\u00a0<\/p><p><strong style=\"font-style: inherit; color: var( --e-global-color-text ); font-family: var( --e-global-typography-text-font-family ), Sans-serif;\">Attestation URSSAF de versement de la cotisation au Fonds d\u2019Assurance Formation des non-salari\u00e9s (FAF)<\/strong><span style=\"font-style: inherit; color: var( --e-global-color-text ); font-family: var( --e-global-typography-text-font-family ), Sans-serif;\">\u00a0pour l\u2019ann\u00e9e en cours.<\/span><\/p><p><strong>OU Attestation URSSAF de dispense de versement de la cotisation Fonds d\u2019Assurance Formation des non-salari\u00e9s (FAF)<\/strong>\u00a0pour l\u2019ann\u00e9e en cours.<\/p><\/li><\/ul><\/li><\/ul><\/li><\/ul><\/li><\/ul><p style=\"padding-left: 120px;\"><strong>OU Attestation URSSAF de refus de demande d\u2019attestation pr\u00e9cisant \u00ab Compte TI non redevable de la contribution CFP \u00bb<\/strong>\u00a0pour l\u2019ann\u00e9e en cours.\u00a0<\/p><p style=\"padding-left: 120px;\"><strong>OU Attestation d\u2019affiliation URSSAF sur lequel figurent son num\u00e9ro Siret, son code NAF et sa date d\u2019installation en exercice lib\u00e9ral<\/strong>. Ce document est recevable uniquement pour un professionnel install\u00e9 en lib\u00e9ral l\u2019ann\u00e9e de sa formation.<\/p><ul><li style=\"list-style-type: none;\"><ul><li>Si vous n&#8217;avez pas encore votre attestation URSSAF\u00a0de contribution \u00e0 la formation professionnelle au moment de votre inscription vous pouvez quand m\u00eame d\u00e9poser une demande de prise en charge.\u00a0<br \/>Vous aurez jusqu&#8217;au 31 d\u00e9cembre de l&#8217;ann\u00e9e en cours pour l&#8217;envoyer au FIFPL.<\/li><li>Vous saurez avant la fin de la formation si vous avez un accord pr\u00e9alable ou un refus.<\/li><li>Une fois la formation pass\u00e9e et \u00e0 r\u00e9ception de tous les documents demand\u00e9s, vous recevrez la prise en charge financi\u00e8re par virement\u00a0si votre dossier est complet.<br \/>Le montant de la prise en charge financi\u00e8re est en fonction du th\u00e8me prioritaire ou non prioritaire de votre formation et de la consommation de votre budget annuel individuel.<\/li><li>L&#8217;IFCOPS ne peut \u00eatre en aucun cas tenu pour responsable du refus de prise en charge de votre formation.<\/li><li><strong>ATTENTION :<\/strong><ul><li>Avoir l&#8217;accord de prise en charge du FIFPL ne suffit pas pour \u00eatre rembours\u00e9.e : vous devez\u00a0avoir particip\u00e9 \u00e0 la totalit\u00e9 de la formation\u00a0et votre dossier\u00a0doit \u00eatre complet\u00a0au plus tard le 31 d\u00e9cembre de l&#8217;ann\u00e9e en cours.<\/li><li>Pour v\u00e9rifier votre pr\u00e9sence les feuilles d&#8217;\u00e9margement sign\u00e9es font foi et sont v\u00e9rifiables par le FIFPL.<\/li><li>Un dossier incomplet est un motif de non remboursement.<\/li><\/ul><\/li><\/ul><\/li><\/ul><div><p><strong><u>Quand et comment faire votre demande de prise en charge\u00a0?<\/u><\/strong><\/p><div><div class=\"wpb_text_column wpb_content_element \"><div class=\"wpb_wrapper\"><p><strong>Avant la formation:<\/strong><\/p><p><strong>1) Connectez vous au <a href=\"https:\/\/netopca.fifpl.fr\/\">https:\/\/netopca.fifpl.fr\/<\/a><\/strong><\/p><p><strong>2) Cr\u00e9er votre compte ou connectez vous<\/strong><\/p><p><strong>3) Cliquer sur \u00ab Saisissez votre demande pr\u00e9alable de prise en charge \u00bb<\/strong><\/p><p><strong>4) Action de formation :<\/strong><br \/>a. Choisissez \u00ab Non assujetti \u00e0 la TVA \u00bb<br \/>b. R\u00e9pondez oui ou non \u00e0 \u00ab auto entrepreneur \u00bb<br \/>c. Pr\u00e9cisez votre domaine d\u2019activit\u00e9 : ost\u00e9opathe, kin\u00e9sith\u00e9rapeute, \u2026<br \/>d. Type de formation : choisissez \u00ab action de formation \u00bb<br \/>e. Organisme de Formation : choisissez IFCOPS &#8211; Institut de Formation Continue pour Ost\u00e9opathes et Professionnels de Sant\u00e9 &#8211; Num\u00e9ro de d\u00e9claration d&#8217;activit\u00e9: 84020131801<br \/>f. Formation \u00e0 distance : NON<br \/>g. Lieu : Dans l\u2019organisme, en France\/DOM TOM<br \/>h. Intitul\u00e9 de la formation : Indiquez le nom de la formation<br \/>i. Date de d\u00e9but : Indiquez la date de d\u00e9but de la formation<br \/>j. Date de fin : Indiquez la date de fin de la formation<br \/>k. Nombre total d\u2019heures : Indiquez le nombre d\u2019heures de la formation<br \/>l. Nombre de jours de formation : Indiquez le nombre de jours de la formation<br \/>m. Cout p\u00e9dagogique par stagiaire : Indiquez le co\u00fbt de la formation par stagiaire<br \/>n. Montant TTC : Indiquez le montant de la formation<\/p><p><strong>5) Pi\u00e8ces \u00e0 joindre :<\/strong><br \/>a. Votre RIB en PDF<br \/>b. Votre attestation de versement URSSAF en PDF<br \/>c. Programme d\u00e9taill\u00e9 : joignez votre contrat de formation que vous avez sign\u00e9<br \/>d. Devis ou convention de stage : joignez votre contrat de formation que vous avez sign\u00e9<br \/>e. Attestation de pr\u00e9sence et de r\u00e8glement : joignez l\u2019attestation de pr\u00e9sence et de r\u00e8glement que vous nous avons envoy\u00e9 par mail. (ATTENTION : nous ne fournissons pas d\u2019attestations de pr\u00e9sence et de r\u00e8glement avant la FIN du s\u00e9minaire). Vous devrez donc fournir ce papier une fois le s\u00e9minaire effectu\u00e9.<\/p><\/div><\/div><div class=\"vc_btn3-container vc_btn3-center\"><a class=\"vc_general vc_btn3 vc_btn3-size-md vc_btn3-shape-rounded vc_btn3-style-modern vc_btn3-color-primary\" title=\"Consulter les modalit\u00e9s de prise en charge\" href=\"http:\/\/www.fifpl.fr\/\" target=\"_blank\" rel=\"noopener\">+ d&#8217;infos sur les modalit\u00e9s de prise en charge sur le site du FIFPL<\/a><\/div><\/div><div>\u00a0<\/div><div><span style=\"color: #ff0000;\"><strong><u>Il est possible que le FIFPL refuse la prise en charge de votre\u00a0formation\u00a0pour les raisons suivantes:\u00a0<\/u><\/strong><strong><br \/><\/strong>-vous d\u00e9pendez d\u2019une autre commission que celles des ost\u00e9opathes<\/span><br \/><span style=\"color: #ff0000;\">-vous avez consomm\u00e9 le montant annuel auquel vous aviez droit<\/span><br \/><span style=\"color: #ff0000;\">-votre dossier est incomplet<\/span><br \/><span style=\"color: #ff0000;\">-vous avez trop tard\u00e9 \u00e0 compl\u00e9ter votre demande de prise en charge<\/span><br \/><span style=\"color: #ff0000;\">-vous n&#8217;avez pas assist\u00e9 \u00e0 la totalit\u00e9 de la formation<\/span><br \/><span style=\"color: #ff0000;\">-le sujet de la formation est exclu des crit\u00e8res de prise en charge (ex : ventouses, acupuncture, m\u00e9decine traditionnelle chinoise, nutrition, massage russe&#8230;) <span style=\"color: #0000ff;\"><a style=\"color: #0000ff;\" href=\"https:\/\/www.fifpl.fr\/sites\/default\/files\/documents\/criteres\/8690ES.pdf\">&gt; voir les crit\u00e8res<\/a><\/span><\/span><\/div><\/div><div>\u00a0<\/div><\/div>\n\t\t\t\t<\/div>\n\t\t\t\t\t\t\t<div class=\"elementor-toggle-item\">\n\t\t\t\t\t<div id=\"elementor-tab-title-2652\" class=\"elementor-tab-title\" data-tab=\"2\" role=\"tab\" aria-controls=\"elementor-tab-content-2652\">\n\t\t\t\t\t\t\t\t\t\t\t\t<span class=\"elementor-toggle-icon elementor-toggle-icon-left\" aria-hidden=\"true\">\n\t\t\t\t\t\t\t\t\t\t\t\t\t\t\t<span class=\"elementor-toggle-icon-closed\"><i class=\"fas fa-caret-right\"><\/i><\/span>\n\t\t\t\t\t\t\t\t<span class=\"elementor-toggle-icon-opened\"><i class=\"elementor-toggle-icon-opened fas fa-caret-up\"><\/i><\/span>\n\t\t\t\t\t\t\t\t\t\t\t\t\t<\/span>\n\t\t\t\t\t\t\t\t\t\t\t\t<a href=\"\" class=\"elementor-toggle-title\">Cr\u00e9dits d'Imp\u00f4ts<\/a>\n\t\t\t\t\t<\/div>\n\t\t\t\t\t<div id=\"elementor-tab-content-2652\" class=\"elementor-tab-content elementor-clearfix\" data-tab=\"2\" role=\"tabpanel\" aria-labelledby=\"elementor-tab-title-2652\"><p><strong>En tant qu&#8217;ost\u00e9opathe lib\u00e9ral, vous pouvez en b\u00e9n\u00e9ficier car vous \u00eates consid\u00e9r\u00e9 comme un chef d&#8217;entreprise !<\/strong><strong><br \/><\/strong>Les entreprises impos\u00e9es d&#8217;apr\u00e8s leur b\u00e9n\u00e9fice r\u00e9el peuvent b\u00e9n\u00e9ficier d&#8217;un cr\u00e9dit d&#8217;imp\u00f4t calcul\u00e9 sur les d\u00e9penses engag\u00e9es pour la formation de leurs dirigeant.<\/p><ul><li><strong>Calcul du cr\u00e9dit d&#8217;imp\u00f4t<br \/><\/strong>Le montant du cr\u00e9dit d&#8217;imp\u00f4t est \u00e9gal au produit du nombre d&#8217;heures pass\u00e9es en formation par le dirigeant de l&#8217;entreprise (dans la limite de 40 heures par ann\u00e9e civile et par entreprise, soit 395,20\u20ac pour 2018) par le taux horaire du <abbr tabindex=\"0\" title=\"Smic\u00a0:\u00a0Salaire minimum interprofessionnel de croissance\" data-acronyme=\"R31127\" data-original-title=\"Smic\u00a0:\u00a0Salaire minimum interprofessionnel de croissance\">Smic<\/abbr> en vigueur au 31 d\u00e9cembre de l&#8217;ann\u00e9e au titre de laquelle est calcul\u00e9 le cr\u00e9dit d&#8217;imp\u00f4t.<p>Par exemple, une entreprise, dont le dirigeant unique a suivi en 2018, 10 heures de formation, peut d\u00e9duire en 2019 un cr\u00e9dit d&#8217;imp\u00f4t de\u00a0<span class=\"prix\">98,8\u00a0\u20ac<\/span>\u00a0= 10 x\u00a0<strong>9,88<\/strong>\u00a0(Smic en vigueur en 2018)<br \/>=&gt; Voir la fiche d&#8217;aide au calcul sur <a href=\"https:\/\/www.service-public.fr\/professionnels-entreprises\/vosdroits\/R18421\" target=\"_blank\" rel=\"noopener noreferrer\">Service-Public-Pro.fr<\/a><\/p><\/li><li><strong>Utilisation du cr\u00e9dit d&#8217;imp\u00f4t<br \/><\/strong>Le montant du cr\u00e9dit d&#8217;imp\u00f4t doit \u00eatre report\u00e9 \u00a0:<ul><li>Sur la d\u00e9claration compl\u00e9mentaire de revenu pour une entreprise individuelle,<\/li><li>Sur le relev\u00e9 de solde n\u00b02572 pour une entreprise soumise \u00e0 l&#8217;imp\u00f4t sur les soci\u00e9t\u00e9s.<br \/><a href=\"https:\/\/www.service-public.fr\/professionnels-entreprises\/vosdroits\/R18421\" target=\"_blank\" rel=\"noopener noreferrer\">La d\u00e9claration n\u00b02079-FCE-SD<\/a>\u00a0(\u00e9galement r\u00e9pertori\u00e9e sous le nom de Formulaire &#8211; Cerfa n\u00b012635*06) doit \u00eatre jointe \u00e0 la d\u00e9claration annuelle de r\u00e9sultat d\u00e9pos\u00e9e par l&#8217;entreprise.<\/li><\/ul><\/li><li><strong>A savoir<br \/><\/strong>&#8211; les d\u00e9penses de formation prises en compte pour le calcul du cr\u00e9dit d&#8217;imp\u00f4t restent d\u00e9ductibles de votre b\u00e9n\u00e9fice et ne doivent pas \u00eatre r\u00e9int\u00e9gr\u00e9es,\u00a0<br \/>&#8211; le cr\u00e9dit d\u2019imp\u00f4t n\u2019est pas cumulable avec une prise en charge du FIFPL,<br \/>&#8211; les entreprises individuelles plac\u00e9es sous le r\u00e9gime fiscal de la micro-entreprise (ou les auto-entrepreneurs) ne sont pas \u00e9ligibles au cr\u00e9dit d\u2019imp\u00f4t, mais ont droit au FIFPL.<br \/>=&gt; Pour en savoir plus &gt;\u00a0<a href=\"https:\/\/www.service-public.fr\/professionnels-entreprises\/vosdroits\/F23460\" target=\"_blank\" rel=\"noopener noreferrer\">Service-Public-Pro.fr<\/a>\u00a0<\/li><\/ul><\/div>\n\t\t\t\t<\/div>\n\t\t\t\t\t<\/div>\n\t\t\t\t<\/div>\n\t\t\t\t<\/div>\n\t\t\t\t\t\t<\/div>\n\t\t\t\t\t<\/div>\n\t\t<\/div>\n\t\t\t\t\t\t\t\t<\/div>\n\t\t\t\t\t<\/div>\n\t\t<\/section>\n\t\t\t\t<section class=\"elementor-section elementor-top-section elementor-element elementor-element-4f8b283 elementor-section-boxed elementor-section-height-default elementor-section-height-default\" data-id=\"4f8b283\" data-element_type=\"section\">\n\t\t\t\t\t\t<div class=\"elementor-container elementor-column-gap-default\">\n\t\t\t\t\t\t\t<div class=\"elementor-row\">\n\t\t\t\t\t<div class=\"elementor-column elementor-col-100 elementor-top-column elementor-element elementor-element-3bd0922\" data-id=\"3bd0922\" data-element_type=\"column\">\n\t\t\t<div class=\"elementor-column-wrap elementor-element-populated\">\n\t\t\t\t\t\t\t<div class=\"elementor-widget-wrap\">\n\t\t\t\t\t\t<div class=\"elementor-element elementor-element-636eaf9 elementor-position-top elementor-vertical-align-top elementor-widget elementor-widget-image-box\" data-id=\"636eaf9\" data-element_type=\"widget\" data-widget_type=\"image-box.default\">\n\t\t\t\t<div class=\"elementor-widget-container\">\n\t\t\t<div class=\"elementor-image-box-wrapper\"><figure class=\"elementor-image-box-img\"><img loading=\"lazy\" decoding=\"async\" width=\"278\" height=\"300\" src=\"https:\/\/kootoswis.net\/ifcops\/wp-content\/uploads\/2021\/04\/Picto_datadocke-278x300.jpg\" class=\"attachment-medium size-medium\" alt=\"Datadock\" srcset=\"https:\/\/kootoswis.net\/ifcops\/wp-content\/uploads\/2021\/04\/Picto_datadocke-278x300.jpg 278w, https:\/\/kootoswis.net\/ifcops\/wp-content\/uploads\/2021\/04\/Picto_datadocke-600x647.jpg 600w, https:\/\/kootoswis.net\/ifcops\/wp-content\/uploads\/2021\/04\/Picto_datadocke.jpg 716w\" sizes=\"auto, (max-width: 278px) 100vw, 278px\" \/><\/figure><div class=\"elementor-image-box-content\"><h3 class=\"elementor-image-box-title\">L'IFCOPS est Datadock\u00e9<\/h3><p class=\"elementor-image-box-description\">L'IFCOPS a \u00e9t\u00e9 rendu r\u00e9f\u00e9ren\u00e7able au sein du Datadock depuis le 26 Avril 2021. Gr\u00e2ce \u00e0 cela, nous sommes r\u00e9f\u00e9renc\u00e9s aupr\u00e8s des Organismes financeurs des Formations Continues en Ost\u00e9opathie. Nos formations sont donc \u00e9ligibles \u00e0 une demande de prise en charge aupr\u00e8s de ces organismes.<\/p><\/div><\/div>\t\t<\/div>\n\t\t\t\t<\/div>\n\t\t\t\t\t\t<\/div>\n\t\t\t\t\t<\/div>\n\t\t<\/div>\n\t\t\t\t\t\t\t\t<\/div>\n\t\t\t\t\t<\/div>\n\t\t<\/section>\n\t\t\t\t\t\t<\/div>\n\t\t\t\t\t\t<\/div>\n\t\t\t\t\t<\/div>\n\t\t","protected":false},"excerpt":{"rendered":"<p>FIFPL et prise en charge Depuis le 1er Juillet 2018, seules les formations dispens\u00e9es par des organismes de formation r\u00e9f\u00e9renc\u00e9s DATADOCK pourront etre prises encrages par le FIFPL. L&#8217;IFCOPS \u00e9tant Datadock\u00e9 depuis le 26 Avril 2021,ann\u00e9e de sa cr\u00e9ation, nos formations sont susceptibles d&#8217;\u00eatre prises en charge. En tant que professionnels lib\u00e9raux, deux types de &hellip;<\/p>\n<p class=\"read-more\"> <a class=\"\" href=\"https:\/\/kootoswis.net\/ifcops\/fifpl-et-prise-en-charge\"> <span class=\"screen-reader-text\">FIFPL et Prise en charge<\/span> Lire la suite\u00a0\u00bb<\/a><\/p>\n","protected":false},"author":1,"featured_media":0,"parent":0,"menu_order":0,"comment_status":"closed","ping_status":"closed","template":"","meta":{"footnotes":""},"class_list":["post-2024","page","type-page","status-publish","hentry"],"_links":{"self":[{"href":"https:\/\/kootoswis.net\/ifcops\/wp-json\/wp\/v2\/pages\/2024","targetHints":{"allow":["GET"]}}],"collection":[{"href":"https:\/\/kootoswis.net\/ifcops\/wp-json\/wp\/v2\/pages"}],"about":[{"href":"https:\/\/kootoswis.net\/ifcops\/wp-json\/wp\/v2\/types\/page"}],"author":[{"embeddable":true,"href":"https:\/\/kootoswis.net\/ifcops\/wp-json\/wp\/v2\/users\/1"}],"replies":[{"embeddable":true,"href":"https:\/\/kootoswis.net\/ifcops\/wp-json\/wp\/v2\/comments?post=2024"}],"version-history":[{"count":37,"href":"https:\/\/kootoswis.net\/ifcops\/wp-json\/wp\/v2\/pages\/2024\/revisions"}],"predecessor-version":[{"id":4146,"href":"https:\/\/kootoswis.net\/ifcops\/wp-json\/wp\/v2\/pages\/2024\/revisions\/4146"}],"wp:attachment":[{"href":"https:\/\/kootoswis.net\/ifcops\/wp-json\/wp\/v2\/media?parent=2024"}],"curies":[{"name":"wp","href":"https:\/\/api.w.org\/{rel}","templated":true}]}}