{"id":179,"date":"2021-01-28T22:29:17","date_gmt":"2021-01-28T22:29:17","guid":{"rendered":"http:\/\/kootoswis.net\/ifcops\/?page_id=179"},"modified":"2022-02-28T09:30:54","modified_gmt":"2022-02-28T09:30:54","slug":"notre-calendrier","status":"publish","type":"page","link":"https:\/\/kootoswis.net\/ifcops\/notre-calendrier","title":{"rendered":"Notre calendrier"},"content":{"rendered":"\t\t<div data-elementor-type=\"wp-page\" data-elementor-id=\"179\" class=\"elementor elementor-179\" data-elementor-settings=\"[]\">\n\t\t\t\t\t\t<div class=\"elementor-inner\">\n\t\t\t\t\t\t\t<div class=\"elementor-section-wrap\">\n\t\t\t\t\t\t\t<section class=\"elementor-section elementor-top-section elementor-element elementor-element-56155910 elementor-section-height-min-height elementor-section-boxed elementor-section-height-default elementor-section-items-middle\" data-id=\"56155910\" data-element_type=\"section\" data-settings=\"{&quot;background_background&quot;:&quot;classic&quot;}\">\n\t\t\t\t\t\t\t<div class=\"elementor-background-overlay\"><\/div>\n\t\t\t\t\t\t\t<div class=\"elementor-container elementor-column-gap-default\">\n\t\t\t\t\t\t\t<div class=\"elementor-row\">\n\t\t\t\t\t<div class=\"elementor-column elementor-col-100 elementor-top-column elementor-element elementor-element-33ed9aa7\" data-id=\"33ed9aa7\" data-element_type=\"column\">\n\t\t\t<div class=\"elementor-column-wrap elementor-element-populated\">\n\t\t\t\t\t\t\t<div class=\"elementor-widget-wrap\">\n\t\t\t\t\t\t<div class=\"elementor-element elementor-element-49f1988d elementor-widget elementor-widget-heading\" data-id=\"49f1988d\" data-element_type=\"widget\" data-widget_type=\"heading.default\">\n\t\t\t\t<div class=\"elementor-widget-container\">\n\t\t\t<h1 class=\"elementor-heading-title elementor-size-default\">Notre calendrier de<b> formations <\/b><\/h1>\t\t<\/div>\n\t\t\t\t<\/div>\n\t\t\t\t\t\t<\/div>\n\t\t\t\t\t<\/div>\n\t\t<\/div>\n\t\t\t\t\t\t\t\t<\/div>\n\t\t\t\t\t<\/div>\n\t\t<\/section>\n\t\t\t\t<section class=\"elementor-section elementor-top-section elementor-element elementor-element-ff700ee elementor-section-boxed elementor-section-height-default elementor-section-height-default\" data-id=\"ff700ee\" data-element_type=\"section\">\n\t\t\t\t\t\t<div class=\"elementor-container elementor-column-gap-default\">\n\t\t\t\t\t\t\t<div class=\"elementor-row\">\n\t\t\t\t\t<div class=\"elementor-column elementor-col-100 elementor-top-column elementor-element elementor-element-0a3d7b8\" data-id=\"0a3d7b8\" data-element_type=\"column\">\n\t\t\t<div class=\"elementor-column-wrap elementor-element-populated\">\n\t\t\t\t\t\t\t<div class=\"elementor-widget-wrap\">\n\t\t\t\t\t\t<div class=\"elementor-element elementor-element-24a81d4 elementor-widget elementor-widget-eael-advanced-data-table\" data-id=\"24a81d4\" data-element_type=\"widget\" data-widget_type=\"eael-advanced-data-table.default\">\n\t\t\t\t<div class=\"elementor-widget-container\">\n\t\t\t<div class=\"ea-advanced-data-table-wrap\" data-id=\"24a81d4\"><div class=\"ea-advanced-data-table-search-wrap ea-advanced-data-table-search-right\"><input type=\"search\" placeholder=\"Rechercher\" class=\"ea-advanced-data-table-search\"><\/div><div class=\"ea-advanced-data-table-wrap-inner\">\n                <table class=\"ea-advanced-data-table ea-advanced-data-table-ninja ea-advanced-data-table-24a81d4 ea-advanced-data-table-sortable ea-advanced-data-table-paginated ea-advanced-data-table-searchable\" data-id=\"24a81d4\" data-items-per-page=\"10\"><thead><tr><th style=\"width:\">Nom de la formation<\/th><th style=\"width:\">Prix<\/th><th style=\"width:\">Date<\/th><th style=\"width:\">Lieu<\/th><th style=\"width:\">Formateurs<\/th><\/tr><\/thead><tbody><tr><td><a href=\"https:\/\/kootoswis.net\/ifcops\/troubles-de-lequilibre-en-osteopathie\" target=\"_blank\" rel=\"noopener\">Troubles de l'Equilibre en Ost\u00e9opathie<\/a><\/td><td>750\u20ac<\/td><td>9-10-11 Septembre 2022 puis 7-8-9 Octobre 2022<\/td><td>Lyon<\/td><td>Joseph Gill-Lussier, Ost\u00e9opathe<\/td><\/tr><tr><td><a href=\"https:\/\/kootoswis.net\/ifcops\/optimiser-lapproche-osteopathies-des-seniors\">Optimiser l'approche Ost\u00e9opathique des S\u00e9niors<\/a><\/td><td>750\u20ac<\/td><td>11-12-13 Novembre 2022<\/td><td>Lyon<\/td><td>Nicette SERGUEEF, Ost\u00e9opathe<\/td><\/tr><tr><td><a href=\"https:\/\/kootoswis.net\/ifcops\/larticulation-temporo-mandibulaire-et-locclusion-dentaire-chez-les-enfants\">L'articulation temporo-mandibulaire et l'occlusion dentaire chez l'enfant<\/a><\/td><td>750\u20ac<\/td><td>13-14-15 Avril 2023<\/td><td>Lyon<\/td><td>Nicette SERGUEEF, Ost\u00e9opathe<\/td><\/tr><tr><td><a href=\"https:\/\/kootoswis.net\/ifcops\/osteopathie-et-systeme-cranio-cervico-mandibulaire\" target=\"_blank\" rel=\"noopener\">Ost\u00e9opathie et syst\u00e8me cranio-cervico-mandibulaire (ATM)<\/a><\/td><td>600\u20ac<\/td><td>22, 23 et 24 Avril 2022<\/td><td>Lyon<\/td><td>Filippo TOBBI, Ost\u00e9opathe<\/td><\/tr><tr><td><a href=\"https:\/\/kootoswis.net\/ifcops\/prise-en-charge-de-la-femme-enceinte\" target=\"_blank\" rel=\"noopener\">Des troubles de la fertilit\u00e9, au suivi de la femme enceinte jusqu'au post-partum<\/a><\/td><td>550\u20ac<\/td><td>7, 8 et 9 Juillet 2022<\/td><td>Lyon<\/td><td>Franck SUTRE, Ost\u00e9opathe DO<\/td><\/tr><tr><td><a href=\"https:\/\/kootoswis.net\/ifcops\/hvla-2-0-quadrant-inferieur\" target=\"_blank\" rel=\"noopener\">Techniques structurelles: HVLA Bassin et rachis<\/a><\/td><td>600\u20ac<\/td><td>9-10-11 Septembre 2022<\/td><td>Lyon<\/td><td>Gerald Stoppini, Ost\u00e9opathe DO<\/td><\/tr><tr><td><a href=\"https:\/\/kootoswis.net\/ifcops\/prise-en-charge-osteopathique-des-personnes-presentant-un-tsa\" target=\"_blank\" rel=\"noopener\">Prise en charge ost\u00e9opathique des patients pr\u00e9sentant un TSA<\/a><\/td><td>550\u20ac<\/td><td>16, 17 et 18 Septembre 2022<\/td><td>Lyon<\/td><td>Louise ANTUNES, Ost\u00e9opathe DO<\/td><\/tr><tr><td><a href=\"https:\/\/kootoswis.net\/ifcops\/osteopathie-pediatrique\" target=\"_blank\" rel=\"noopener\">Ost\u00e9opathie P\u00e9diatrique<\/a><\/td><td>550\u20ac<\/td><td>13, 14 et 15 Octobre 2022<\/td><td>Lyon<\/td><td>Franck SUTRE, Ost\u00e9opathe DO<\/td><\/tr><tr><td><a href=\"https:\/\/kootoswis.net\/ifcops\/prise-en-charge-osteopathique-des-troubles-du-developpement-de-lenfant-et-focus-sur-loralite\" target=\"_blank\" rel=\"noopener\">Prise en charge ost\u00e9opathique des troubles du d\u00e9veloppement chez l'enfant et focus sur l'oralit\u00e9<\/a><\/td><td>550\u20ac<\/td><td>30-31 Octobre + 1er Novembre 2022<\/td><td>Lyon<\/td><td>Pamela Benibri Harroch, Ost\u00e9opathe DO<\/td><\/tr><tr><td><a href=\"https:\/\/kootoswis.net\/ifcops\/prise-en-charge-des-hernies-discales-cervicales-et-lombaires\" target=\"_blank\" rel=\"noopener\">Prise en charge des hernies discales cervicales et lombaires<\/a><\/td><td>750\u20ac<\/td><td>24, 25, 26 et 27 Novembre 2022<\/td><td>Lyon<\/td><td>Michael GRELAT, Neurochirurgien et Mario Luiz Gonzalez Dias, Ost\u00e9opathe<\/td><\/tr><tr><td><a href=\"https:\/\/kootoswis.net\/ifcops\/osteopathie-structurelle-intra-conjonctive\" target=\"_blank\" rel=\"noopener\">Ost\u00e9opathie Structurale Intra-Conjonctive<\/a><\/td><td>650\u20ac<\/td><td>9, 10 et 11 D\u00e9cembre 2022<\/td><td>Lyon<\/td><td>Gilles BOUDEHEN, Ost\u00e9opathe DO<\/td><\/tr><\/tbody><\/table>\n            <\/div><div class=\"ea-advanced-data-table-pagination ea-advanced-data-table-pagination-button clearfix\"><\/div><\/div>\t\t<\/div>\n\t\t\t\t<\/div>\n\t\t\t\t\t\t<\/div>\n\t\t\t\t\t<\/div>\n\t\t<\/div>\n\t\t\t\t\t\t\t\t<\/div>\n\t\t\t\t\t<\/div>\n\t\t<\/section>\n\t\t\t\t<section class=\"elementor-section elementor-top-section elementor-element elementor-element-5763c25b elementor-section-height-min-height elementor-section-items-stretch elementor-section-boxed elementor-section-height-default\" data-id=\"5763c25b\" data-element_type=\"section\">\n\t\t\t\t\t\t<div class=\"elementor-container elementor-column-gap-default\">\n\t\t\t\t\t\t\t<div class=\"elementor-row\">\n\t\t\t\t\t<div class=\"elementor-column elementor-col-100 elementor-top-column elementor-element elementor-element-430fb7fa\" data-id=\"430fb7fa\" data-element_type=\"column\" data-settings=\"{&quot;background_background&quot;:&quot;classic&quot;}\">\n\t\t\t<div class=\"elementor-column-wrap elementor-element-populated\">\n\t\t\t\t\t\t\t<div class=\"elementor-widget-wrap\">\n\t\t\t\t\t\t<div class=\"elementor-element elementor-element-5d9470de elementor-widget elementor-widget-heading\" data-id=\"5d9470de\" data-element_type=\"widget\" data-widget_type=\"heading.default\">\n\t\t\t\t<div class=\"elementor-widget-container\">\n\t\t\t<h2 class=\"elementor-heading-title elementor-size-default\">Des formations dispens\u00e9es  <b> par des intervenants reconnus<\/b><\/h2>\t\t<\/div>\n\t\t\t\t<\/div>\n\t\t\t\t<div class=\"elementor-element elementor-element-9d3ba93 elementor-align-center elementor-widget elementor-widget-button\" data-id=\"9d3ba93\" data-element_type=\"widget\" data-widget_type=\"button.default\">\n\t\t\t\t<div class=\"elementor-widget-container\">\n\t\t\t\t\t<div class=\"elementor-button-wrapper\">\n\t\t\t<a href=\"https:\/\/kootoswis.net\/ifcops\/nous-contacter\" class=\"elementor-button-link elementor-button elementor-size-md\" role=\"button\">\n\t\t\t\t\t\t<span class=\"elementor-button-content-wrapper\">\n\t\t\t\t\t\t<span class=\"elementor-button-text\">Je suis int\u00e9ress\u00e9(e) par une des formations<\/span>\n\t\t<\/span>\n\t\t\t\t\t<\/a>\n\t\t<\/div>\n\t\t\t\t<\/div>\n\t\t\t\t<\/div>\n\t\t\t\t\t\t<\/div>\n\t\t\t\t\t<\/div>\n\t\t<\/div>\n\t\t\t\t\t\t\t\t<\/div>\n\t\t\t\t\t<\/div>\n\t\t<\/section>\n\t\t\t\t<section class=\"elementor-section elementor-top-section elementor-element elementor-element-d696bbf elementor-section-boxed elementor-section-height-default elementor-section-height-default\" data-id=\"d696bbf\" data-element_type=\"section\">\n\t\t\t\t\t\t<div class=\"elementor-container elementor-column-gap-default\">\n\t\t\t\t\t\t\t<div class=\"elementor-row\">\n\t\t\t\t\t<div class=\"elementor-column elementor-col-100 elementor-top-column elementor-element elementor-element-89e7a64\" data-id=\"89e7a64\" data-element_type=\"column\">\n\t\t\t<div class=\"elementor-column-wrap elementor-element-populated\">\n\t\t\t\t\t\t\t<div class=\"elementor-widget-wrap\">\n\t\t\t\t\t\t<div class=\"elementor-element elementor-element-06ccdeb elementor-widget-divider--separator-type-pattern elementor-widget-divider--no-spacing elementor-widget-divider--view-line elementor-widget elementor-widget-divider\" data-id=\"06ccdeb\" data-element_type=\"widget\" data-widget_type=\"divider.default\">\n\t\t\t\t<div class=\"elementor-widget-container\">\n\t\t\t\t\t<div class=\"elementor-divider\" style=\"--divider-pattern-url: url(&quot;data:image\/svg+xml,%3Csvg xmlns=&#039;http:\/\/www.w3.org\/2000\/svg&#039; preserveAspectRatio=&#039;xMidYMid meet&#039; overflow=&#039;visible&#039; height=&#039;100%&#039; viewBox=&#039;0 0 126 26&#039; fill=&#039;black&#039; stroke=&#039;none&#039;%3E%3Cpath d=&#039;M10.7,6l2.5,2.6l-4,4.3l4,5.4l-2.5,1.9l-4.5-5.2l-3.9,4.2L0.7,17L4,13.1L0,8.6l2.3-1.3l3.9,3.9L10.7,6z M23.9,6.6l4.2,4.5L32,7.2l2.3,1.3l-4,4.5l3.2,3.9L32,19.1l-3.9-3.3l-4.5,4.3l-2.5-1.9l4.4-5.1l-4.2-3.9L23.9,6.6zM73.5,6L76,8.6l-4,4.3l4,5.4l-2.5,1.9l-4.5-5.2l-3.9,4.2L63.5,17l4.1-4.7L63.5,8l2.3-1.3l4.1,3.6L73.5,6z M94,6l2.5,2.6l-4,4.3l4,5.4L94,20.1l-3.9-5l-3.9,4.2L84,17l3.2-3.9L84,8.6l2.3-1.3l3.2,3.9L94,6z M106.9,6l4.5,5.1l3.9-3.9l2.3,1.3l-4,4.5l3.2,3.9l-1.6,2.1l-3.9-4.2l-4.5,5.2l-2.5-1.9l4-5.4l-4-4.3L106.9,6z M53.1,6l2.5,2.6l-4,4.3l4,4.6l-2.5,1.9l-4.5-4.5l-3.5,4.5L43.1,17l3.2-3.9l-4-4.5l2.3-1.3l3.9,3.9L53.1,6z&#039;\/%3E%3C\/svg%3E&quot;);\">\n\t\t\t<span class=\"elementor-divider-separator\">\n\t\t\t\t\t\t<\/span>\n\t\t<\/div>\n\t\t\t\t<\/div>\n\t\t\t\t<\/div>\n\t\t\t\t\t\t<\/div>\n\t\t\t\t\t<\/div>\n\t\t<\/div>\n\t\t\t\t\t\t\t\t<\/div>\n\t\t\t\t\t<\/div>\n\t\t<\/section>\n\t\t\t\t\t\t<\/div>\n\t\t\t\t\t\t<\/div>\n\t\t\t\t\t<\/div>\n\t\t","protected":false},"excerpt":{"rendered":"<p>Notre calendrier de formations Nom de la formation Prix Date Lieu Formateurs Troubles de l&#8217;Equilibre en Ost\u00e9opathie 750\u20ac 9-10-11 Septembre 2022 puis 7-8-9 Octobre 2022 Lyon Joseph Gill-Lussier, Ost\u00e9opathe Les Dysfonctions craniofaciales chez l&#8217;enfant &#8211; COMPLET COMPLET 9, 10 et 11 Avril 2022 Lyon Nicette SERGUEEF, Ost\u00e9opathe Ost\u00e9opathie et syst\u00e8me cranio-cervico-mandibulaire (ATM) 600\u20ac 22, 23 &hellip;<\/p>\n<p class=\"read-more\"> <a class=\"\" href=\"https:\/\/kootoswis.net\/ifcops\/notre-calendrier\"> <span class=\"screen-reader-text\">Notre calendrier<\/span> Lire la suite\u00a0\u00bb<\/a><\/p>\n","protected":false},"author":1,"featured_media":0,"parent":0,"menu_order":0,"comment_status":"closed","ping_status":"closed","template":"","meta":{"footnotes":""},"class_list":["post-179","page","type-page","status-publish","hentry"],"_links":{"self":[{"href":"https:\/\/kootoswis.net\/ifcops\/wp-json\/wp\/v2\/pages\/179","targetHints":{"allow":["GET"]}}],"collection":[{"href":"https:\/\/kootoswis.net\/ifcops\/wp-json\/wp\/v2\/pages"}],"about":[{"href":"https:\/\/kootoswis.net\/ifcops\/wp-json\/wp\/v2\/types\/page"}],"author":[{"embeddable":true,"href":"https:\/\/kootoswis.net\/ifcops\/wp-json\/wp\/v2\/users\/1"}],"replies":[{"embeddable":true,"href":"https:\/\/kootoswis.net\/ifcops\/wp-json\/wp\/v2\/comments?post=179"}],"version-history":[{"count":28,"href":"https:\/\/kootoswis.net\/ifcops\/wp-json\/wp\/v2\/pages\/179\/revisions"}],"predecessor-version":[{"id":4131,"href":"https:\/\/kootoswis.net\/ifcops\/wp-json\/wp\/v2\/pages\/179\/revisions\/4131"}],"wp:attachment":[{"href":"https:\/\/kootoswis.net\/ifcops\/wp-json\/wp\/v2\/media?parent=179"}],"curies":[{"name":"wp","href":"https:\/\/api.w.org\/{rel}","templated":true}]}}