{"id":1146,"date":"2021-02-26T10:14:30","date_gmt":"2021-02-26T10:14:30","guid":{"rendered":"http:\/\/kootoswis.net\/ifcops\/?page_id=1146"},"modified":"2022-01-04T08:46:43","modified_gmt":"2022-01-04T08:46:43","slug":"conditions-generales-de-ventes","status":"publish","type":"page","link":"https:\/\/kootoswis.net\/ifcops\/conditions-generales-de-ventes","title":{"rendered":"Conditions g\u00e9n\u00e9rales de ventes"},"content":{"rendered":"\t\t<div data-elementor-type=\"wp-page\" data-elementor-id=\"1146\" class=\"elementor elementor-1146\" data-elementor-settings=\"[]\">\n\t\t\t\t\t\t<div class=\"elementor-inner\">\n\t\t\t\t\t\t\t<div class=\"elementor-section-wrap\">\n\t\t\t\t\t\t\t<section class=\"elementor-section elementor-top-section elementor-element elementor-element-56155910 elementor-section-height-min-height elementor-section-boxed elementor-section-height-default elementor-section-items-middle\" data-id=\"56155910\" data-element_type=\"section\" data-settings=\"{&quot;background_background&quot;:&quot;classic&quot;}\">\n\t\t\t\t\t\t\t<div class=\"elementor-background-overlay\"><\/div>\n\t\t\t\t\t\t\t<div class=\"elementor-container elementor-column-gap-default\">\n\t\t\t\t\t\t\t<div class=\"elementor-row\">\n\t\t\t\t\t<div class=\"elementor-column elementor-col-100 elementor-top-column elementor-element elementor-element-33ed9aa7\" data-id=\"33ed9aa7\" data-element_type=\"column\">\n\t\t\t<div class=\"elementor-column-wrap elementor-element-populated\">\n\t\t\t\t\t\t\t<div class=\"elementor-widget-wrap\">\n\t\t\t\t\t\t<div class=\"elementor-element elementor-element-49f1988d elementor-widget elementor-widget-heading\" data-id=\"49f1988d\" data-element_type=\"widget\" data-widget_type=\"heading.default\">\n\t\t\t\t<div class=\"elementor-widget-container\">\n\t\t\t<h1 class=\"elementor-heading-title elementor-size-default\"><b> Conditions g\u00e9n\u00e9rales de ventes <\/b> <\/h1>\t\t<\/div>\n\t\t\t\t<\/div>\n\t\t\t\t\t\t<\/div>\n\t\t\t\t\t<\/div>\n\t\t<\/div>\n\t\t\t\t\t\t\t\t<\/div>\n\t\t\t\t\t<\/div>\n\t\t<\/section>\n\t\t\t\t<section class=\"elementor-section elementor-top-section elementor-element elementor-element-b8afe77 elementor-section-boxed elementor-section-height-default elementor-section-height-default\" data-id=\"b8afe77\" data-element_type=\"section\">\n\t\t\t\t\t\t<div class=\"elementor-container elementor-column-gap-default\">\n\t\t\t\t\t\t\t<div class=\"elementor-row\">\n\t\t\t\t\t<div class=\"elementor-column elementor-col-100 elementor-top-column elementor-element elementor-element-830edeb\" data-id=\"830edeb\" data-element_type=\"column\">\n\t\t\t<div class=\"elementor-column-wrap elementor-element-populated\">\n\t\t\t\t\t\t\t<div class=\"elementor-widget-wrap\">\n\t\t\t\t\t\t<div class=\"elementor-element elementor-element-c65753f elementor-widget elementor-widget-toggle\" data-id=\"c65753f\" data-element_type=\"widget\" data-widget_type=\"toggle.default\">\n\t\t\t\t<div class=\"elementor-widget-container\">\n\t\t\t\t\t<div class=\"elementor-toggle\" role=\"tablist\">\n\t\t\t\t\t\t\t<div class=\"elementor-toggle-item\">\n\t\t\t\t\t<div id=\"elementor-tab-title-2071\" class=\"elementor-tab-title\" data-tab=\"1\" role=\"tab\" aria-controls=\"elementor-tab-content-2071\">\n\t\t\t\t\t\t\t\t\t\t\t\t<span class=\"elementor-toggle-icon elementor-toggle-icon-left\" aria-hidden=\"true\">\n\t\t\t\t\t\t\t\t\t\t\t\t\t\t\t<span class=\"elementor-toggle-icon-closed\"><i class=\"fas fa-caret-right\"><\/i><\/span>\n\t\t\t\t\t\t\t\t<span class=\"elementor-toggle-icon-opened\"><i class=\"elementor-toggle-icon-opened fas fa-caret-up\"><\/i><\/span>\n\t\t\t\t\t\t\t\t\t\t\t\t\t<\/span>\n\t\t\t\t\t\t\t\t\t\t\t\t<a href=\"\" class=\"elementor-toggle-title\">I. MODALITES D\u2019INSCRIPTION<\/a>\n\t\t\t\t\t<\/div>\n\t\t\t\t\t<div id=\"elementor-tab-content-2071\" class=\"elementor-tab-content elementor-clearfix\" data-tab=\"1\" role=\"tabpanel\" aria-labelledby=\"elementor-tab-title-2071\"><p>\u00c0 r\u00e9ception de votre demande d\u2019inscription, l\u2019IFCOPS vous enverra un dossier \u00e0 remplir pour confirmer votre inscription.<\/p><p>Celle-ci sera prise en compte et valid\u00e9e par l\u2019IFCOPS \u00e0 r\u00e9ception de votre dossier complet.<\/p><p>Ce dernier doit nous parvenir avant la date limite de fin d\u2019inscription (indiqu\u00e9e sur le programme de formation) et il doit contenir :<\/p><ul><li>La convention de formation professionnelle continue (contrat IFCOPS), ainsi que les annexes, le tout paraph\u00e9 et sign\u00e9<\/li><li>Votre autorisation du droit \u00e0 l\u2019image sign\u00e9e<\/li><li>Le r\u00e8glement int\u00e9rieur sign\u00e9<\/li><li>Les RGPD sign\u00e9s<\/li><li>Les Conditions G\u00e9n\u00e9rales de Vente sign\u00e9es<\/li><li>Vous disposez d\u2019un d\u00e9lai de r\u00e9tractation l\u00e9gal de 10 jours pour annuler votre inscription \u00e0 partir de la date de signature du contrat IFCOPS.<\/li><\/ul><p>Le dossier peut \u00eatre valid\u00e9 via la signature \u00e9lectronique afin de signer l\u2019ensemble des documents (lien dans le mail d\u2019envoi du dossier).<\/p><p>Pour les inscriptions de derni\u00e8res minutes (apr\u00e8s la date limite d\u2019inscription), merci de prendre contact avec nous.<\/p><\/div>\n\t\t\t\t<\/div>\n\t\t\t\t\t\t\t<div class=\"elementor-toggle-item\">\n\t\t\t\t\t<div id=\"elementor-tab-title-2072\" class=\"elementor-tab-title\" data-tab=\"2\" role=\"tab\" aria-controls=\"elementor-tab-content-2072\">\n\t\t\t\t\t\t\t\t\t\t\t\t<span class=\"elementor-toggle-icon elementor-toggle-icon-left\" aria-hidden=\"true\">\n\t\t\t\t\t\t\t\t\t\t\t\t\t\t\t<span class=\"elementor-toggle-icon-closed\"><i class=\"fas fa-caret-right\"><\/i><\/span>\n\t\t\t\t\t\t\t\t<span class=\"elementor-toggle-icon-opened\"><i class=\"elementor-toggle-icon-opened fas fa-caret-up\"><\/i><\/span>\n\t\t\t\t\t\t\t\t\t\t\t\t\t<\/span>\n\t\t\t\t\t\t\t\t\t\t\t\t<a href=\"\" class=\"elementor-toggle-title\">II. MODALITES DE REGLEMENT<\/a>\n\t\t\t\t\t<\/div>\n\t\t\t\t\t<div id=\"elementor-tab-content-2072\" class=\"elementor-tab-content elementor-clearfix\" data-tab=\"2\" role=\"tabpanel\" aria-labelledby=\"elementor-tab-title-2072\"><p>L\u2019organisme de formation accepte le r\u00e8glement par ch\u00e8que bancaire libell\u00e9 \u00e0 l\u2019ordre de l\u2019IFCOPS et par virement bancaire.<\/p><p>Le r\u00e8glement de votre acompte doit nous parvenir avant le d\u00e9but de la formation, hormis pour les formations ayant lieu au sein d\u2019\u00e9tablissement de sant\u00e9.<\/p><p>Votre inscription sera valid\u00e9e \u00e0 r\u00e9ception de l&#8217;int\u00e9gralit\u00e9 de votre acompte et de tous vos documents d&#8217;inscription.<\/p><p>Sans r\u00e9ception de votre r\u00e8glement dans les d\u00e9lais impartis, votre demande d\u2019inscription ne pourra pas \u00eatre prise en compte.<\/p><p>Sans accus\u00e9 r\u00e9ception de paiement valid\u00e9, la demande d\u2019inscription ne pourra pas \u00eatre prise en compte.<\/p><\/div>\n\t\t\t\t<\/div>\n\t\t\t\t\t\t\t<div class=\"elementor-toggle-item\">\n\t\t\t\t\t<div id=\"elementor-tab-title-2073\" class=\"elementor-tab-title\" data-tab=\"3\" role=\"tab\" aria-controls=\"elementor-tab-content-2073\">\n\t\t\t\t\t\t\t\t\t\t\t\t<span class=\"elementor-toggle-icon elementor-toggle-icon-left\" aria-hidden=\"true\">\n\t\t\t\t\t\t\t\t\t\t\t\t\t\t\t<span class=\"elementor-toggle-icon-closed\"><i class=\"fas fa-caret-right\"><\/i><\/span>\n\t\t\t\t\t\t\t\t<span class=\"elementor-toggle-icon-opened\"><i class=\"elementor-toggle-icon-opened fas fa-caret-up\"><\/i><\/span>\n\t\t\t\t\t\t\t\t\t\t\t\t\t<\/span>\n\t\t\t\t\t\t\t\t\t\t\t\t<a href=\"\" class=\"elementor-toggle-title\">III. CONDITIONS D\u2019ADMISSION DES STAGIAIRES, PREREQUIS, RESPONSABILITE CIVILE PROFESIONNELLE<\/a>\n\t\t\t\t\t<\/div>\n\t\t\t\t\t<div id=\"elementor-tab-content-2073\" class=\"elementor-tab-content elementor-clearfix\" data-tab=\"3\" role=\"tabpanel\" aria-labelledby=\"elementor-tab-title-2073\"><p>L\u2019IFCOPS se r\u00e9serve le droit de refuser toute personne qui ne pr\u00e9sente pas les pr\u00e9requis n\u00e9cessaires et d\u00e9finis pour les formations figurant dans son catalogue.<\/p><p>Pour les stages \u00e0 caract\u00e8re pratique, ne peuvent participer que les stagiaires couverts par une assurance responsabilit\u00e9 civile professionnelle (RCP) en cours au moment de la formation.<\/p><p>Tout stagiaire pr\u00e9sentant un probl\u00e8me de sant\u00e9 doit le signaler au responsable de stage et \u00e0 l\u2019enseignant en d\u00e9but de s\u00e9minaire. Par d\u00e9faut, en l\u2019absence de signalement, les stagiaires sont consid\u00e9r\u00e9s comme aptes \u00e0 suivre l\u2019ensemble des ateliers pratiques propos\u00e9s dans la formation.<\/p><p>En aucun cas, l\u2019IFCOPS ou un membre de son \u00e9quipe ne pourra \u00eatre tenu responsable en cas de l\u00e9sions survenues \u00e0 l\u2019occasion d\u2019une manipulation entre deux stagiaires, ou en cas de d\u00e9gradation de l\u2019\u00e9tat de sant\u00e9 du stagiaire survenu pendant ou apr\u00e8s le stage.<\/p><p>Chaque stagiaire engage sa propre responsabilit\u00e9 s\u2019il pratique des techniques qui n\u2019ont pas \u00e9t\u00e9 d\u00e9montr\u00e9es durant le stage.<\/p><\/div>\n\t\t\t\t<\/div>\n\t\t\t\t\t\t\t<div class=\"elementor-toggle-item\">\n\t\t\t\t\t<div id=\"elementor-tab-title-2074\" class=\"elementor-tab-title\" data-tab=\"4\" role=\"tab\" aria-controls=\"elementor-tab-content-2074\">\n\t\t\t\t\t\t\t\t\t\t\t\t<span class=\"elementor-toggle-icon elementor-toggle-icon-left\" aria-hidden=\"true\">\n\t\t\t\t\t\t\t\t\t\t\t\t\t\t\t<span class=\"elementor-toggle-icon-closed\"><i class=\"fas fa-caret-right\"><\/i><\/span>\n\t\t\t\t\t\t\t\t<span class=\"elementor-toggle-icon-opened\"><i class=\"elementor-toggle-icon-opened fas fa-caret-up\"><\/i><\/span>\n\t\t\t\t\t\t\t\t\t\t\t\t\t<\/span>\n\t\t\t\t\t\t\t\t\t\t\t\t<a href=\"\" class=\"elementor-toggle-title\">IV. PRIX D\u2019UN STAGE \u2013 DOSSIER FIFPL<\/a>\n\t\t\t\t\t<\/div>\n\t\t\t\t\t<div id=\"elementor-tab-content-2074\" class=\"elementor-tab-content elementor-clearfix\" data-tab=\"4\" role=\"tabpanel\" aria-labelledby=\"elementor-tab-title-2074\"><p>Le prix du stage<\/p><ul><li>Le prix du stage s\u2019entend toutes taxes comprises (TTC), l\u2019IFCOPS n\u2019\u00e9tant pas soumis \u00e0 la TVA.<\/li><li>Ce prix inclut l\u2019organisation et l\u2019animation du s\u00e9minaire avec le mat\u00e9riel adapt\u00e9, le polycopi\u00e9 de cours ainsi que les pauses caf\u00e9.<\/li><li>Ce prix n&#8217;inclut ni le co\u00fbt des repas, ni celui de l&#8217;h\u00e9bergement, ni celui des transports.<\/li><\/ul><p>Le dossier FIFPL :<\/p><p>A titre indicatif, vous pouvez demander une prise en charge par le FIFPL sous certaines conditions et dans tous les cas (sous r\u00e9serve de l\u2019\u00e9volution des textes applicables en la mati\u00e8re), du Cr\u00e9dit d\u2019imp\u00f4t formation continue du chef d\u2019entreprise (Formulaire Cerfa N\u00b0 2079-FCE-SD).<br \/>En aucun cas l\u2019IFCOPS ne pourra \u00eatre tenu pour responsable d\u2019un refus de prise en charge de votre formation par le FIFPL.<\/p><\/div>\n\t\t\t\t<\/div>\n\t\t\t\t\t\t\t<div class=\"elementor-toggle-item\">\n\t\t\t\t\t<div id=\"elementor-tab-title-2075\" class=\"elementor-tab-title\" data-tab=\"5\" role=\"tab\" aria-controls=\"elementor-tab-content-2075\">\n\t\t\t\t\t\t\t\t\t\t\t\t<span class=\"elementor-toggle-icon elementor-toggle-icon-left\" aria-hidden=\"true\">\n\t\t\t\t\t\t\t\t\t\t\t\t\t\t\t<span class=\"elementor-toggle-icon-closed\"><i class=\"fas fa-caret-right\"><\/i><\/span>\n\t\t\t\t\t\t\t\t<span class=\"elementor-toggle-icon-opened\"><i class=\"elementor-toggle-icon-opened fas fa-caret-up\"><\/i><\/span>\n\t\t\t\t\t\t\t\t\t\t\t\t\t<\/span>\n\t\t\t\t\t\t\t\t\t\t\t\t<a href=\"\" class=\"elementor-toggle-title\">V. CONDITIONS D\u2019ANNULATION<\/a>\n\t\t\t\t\t<\/div>\n\t\t\t\t\t<div id=\"elementor-tab-content-2075\" class=\"elementor-tab-content elementor-clearfix\" data-tab=\"5\" role=\"tabpanel\" aria-labelledby=\"elementor-tab-title-2075\"><p>Pour \u00eatre prise en compte, toute demande d\u2019annulation d\u2019inscription devra \u00eatre renvoy\u00e9e \u00e0 l\u2019IFCOPS par lettre recommand\u00e9e avec accus\u00e9 de r\u00e9ception ou par mail.<\/p><p>Le remboursement \u00e9ventuel des frais d\u2019inscription se fera aux conditions suivantes :<\/p><ul><li>Pour un courrier RAR ou un mail re\u00e7u plus de 8 semaines avant le d\u00e9but de la formation : remboursement de 100% des sommes acquitt\u00e9es,<\/li><li>Pour un courrier RAR ou un mail re\u00e7u entre 4 et 7 semaines avant le d\u00e9but de la formation : remboursement de 50% des sommes acquitt\u00e9es,<\/li><li>Pour un courrier RAR ou un mail moins de 4 semaines avant le d\u00e9but de la formation : aucun remboursement<\/li><\/ul><p>Pour les stages organis\u00e9s hors m\u00e9tropole (n\u00e9cessitant des avances de frais importantes), le remboursement \u00e9ventuel des frais d\u2019inscription se fera aux conditions suivantes :<\/p><p>Pour un courrier RAR re\u00e7u :<\/p><ul><li>Plus de 12 semaines avant le d\u00e9but de la formation : remboursement de 100% des sommes acquitt\u00e9es<\/li><li>Moins de 12 semaines avant le d\u00e9but : aucun remboursement.<\/li><\/ul><p>En cas d\u2019abandon par le participant en cours de formation, aucun remboursement ne sera effectu\u00e9.<\/p><p>L\u2019IFCOPS se r\u00e9serve le droit de reporter \u00e0 sa convenance les actions de formation si des circonstances ind\u00e9pendantes de sa volont\u00e9 l\u2019y obligent (tels que des gr\u00e8ves de transport, maladie impromptue, \u00e9pid\u00e9mie,\u2026).<\/p><p>Dans l\u2019hypoth\u00e8se o\u00f9 l\u2019IFCOPS d\u00e9cide d\u2019annuler une action de formation, il s\u2019engage \u00e0 rembourser les frais d\u2019inscription d\u00e9j\u00e0 encaiss\u00e9s, sans autre droit \u00e0 d\u00e9dommagement que ce soit.<\/p><p>En cas d\u2019annulation \u00e0 l\u2019une des formations appartenant \u00e0 un pack promotionnel (formations group\u00e9es), les proc\u00e9dures d\u2019annulation sont identiques et les tarifs recalcul\u00e9s sur la base du prix de vente de la formation hors d\u00e9duction.<\/p><p>Le contrat est donc conclu de fa\u00e7on d\u00e9finitive d\u00e8s la passation de la Commande par le Client selon les modalit\u00e9s pr\u00e9cis\u00e9es aux pr\u00e9sentes Conditions G\u00e9n\u00e9rales de Vente.<\/p><\/div>\n\t\t\t\t<\/div>\n\t\t\t\t\t\t\t<div class=\"elementor-toggle-item\">\n\t\t\t\t\t<div id=\"elementor-tab-title-2076\" class=\"elementor-tab-title\" data-tab=\"6\" role=\"tab\" aria-controls=\"elementor-tab-content-2076\">\n\t\t\t\t\t\t\t\t\t\t\t\t<span class=\"elementor-toggle-icon elementor-toggle-icon-left\" aria-hidden=\"true\">\n\t\t\t\t\t\t\t\t\t\t\t\t\t\t\t<span class=\"elementor-toggle-icon-closed\"><i class=\"fas fa-caret-right\"><\/i><\/span>\n\t\t\t\t\t\t\t\t<span class=\"elementor-toggle-icon-opened\"><i class=\"elementor-toggle-icon-opened fas fa-caret-up\"><\/i><\/span>\n\t\t\t\t\t\t\t\t\t\t\t\t\t<\/span>\n\t\t\t\t\t\t\t\t\t\t\t\t<a href=\"\" class=\"elementor-toggle-title\">VI. ATTESTATION DE STAGE<\/a>\n\t\t\t\t\t<\/div>\n\t\t\t\t\t<div id=\"elementor-tab-content-2076\" class=\"elementor-tab-content elementor-clearfix\" data-tab=\"6\" role=\"tabpanel\" aria-labelledby=\"elementor-tab-title-2076\"><p>Conform\u00e9ment aux lois r\u00e9gissant la formation continue professionnelles des ost\u00e9opathes et professionnels de sant\u00e9, une attestation de pr\u00e9sence sera remise aux participants en fin de stage, \u00e0 condition qu\u2019ils aient assist\u00e9s \u00e0 la totalit\u00e9 de la formation et sign\u00e9 les feuilles d\u2019\u00e9margement.<\/p><\/div>\n\t\t\t\t<\/div>\n\t\t\t\t\t\t\t<div class=\"elementor-toggle-item\">\n\t\t\t\t\t<div id=\"elementor-tab-title-2077\" class=\"elementor-tab-title\" data-tab=\"7\" role=\"tab\" aria-controls=\"elementor-tab-content-2077\">\n\t\t\t\t\t\t\t\t\t\t\t\t<span class=\"elementor-toggle-icon elementor-toggle-icon-left\" aria-hidden=\"true\">\n\t\t\t\t\t\t\t\t\t\t\t\t\t\t\t<span class=\"elementor-toggle-icon-closed\"><i class=\"fas fa-caret-right\"><\/i><\/span>\n\t\t\t\t\t\t\t\t<span class=\"elementor-toggle-icon-opened\"><i class=\"elementor-toggle-icon-opened fas fa-caret-up\"><\/i><\/span>\n\t\t\t\t\t\t\t\t\t\t\t\t\t<\/span>\n\t\t\t\t\t\t\t\t\t\t\t\t<a href=\"\" class=\"elementor-toggle-title\">VII. CONTENU PEDAGOGIQUE \u2013 RESPONSABILITES \u2013 MODALITES PRATIQUES<\/a>\n\t\t\t\t\t<\/div>\n\t\t\t\t\t<div id=\"elementor-tab-content-2077\" class=\"elementor-tab-content elementor-clearfix\" data-tab=\"7\" role=\"tabpanel\" aria-labelledby=\"elementor-tab-title-2077\"><p>Le contenu et les moyens p\u00e9dagogiques pr\u00e9vus peuvent \u00eatre modifi\u00e9s \u00e0 l\u2019initiative du responsable de la formation, sans que les participants puissent en tenir rigueur \u00e0 l\u2019IFCOPS et r\u00e9clamer un quelconque d\u00e9dommagement.<\/p><p>Le participant \u00e0 la formation est tenu de respecter le R\u00e8glement Int\u00e9rieur qui a cours dans les locaux du lieu de la formation.<\/p><\/div>\n\t\t\t\t<\/div>\n\t\t\t\t\t\t\t<div class=\"elementor-toggle-item\">\n\t\t\t\t\t<div id=\"elementor-tab-title-2078\" class=\"elementor-tab-title\" data-tab=\"8\" role=\"tab\" aria-controls=\"elementor-tab-content-2078\">\n\t\t\t\t\t\t\t\t\t\t\t\t<span class=\"elementor-toggle-icon elementor-toggle-icon-left\" aria-hidden=\"true\">\n\t\t\t\t\t\t\t\t\t\t\t\t\t\t\t<span class=\"elementor-toggle-icon-closed\"><i class=\"fas fa-caret-right\"><\/i><\/span>\n\t\t\t\t\t\t\t\t<span class=\"elementor-toggle-icon-opened\"><i class=\"elementor-toggle-icon-opened fas fa-caret-up\"><\/i><\/span>\n\t\t\t\t\t\t\t\t\t\t\t\t\t<\/span>\n\t\t\t\t\t\t\t\t\t\t\t\t<a href=\"\" class=\"elementor-toggle-title\">VIII. ENREGISTREMENT VIDEO DES STAGES \u2013 PRISES DE PHOTOGRAPHIES \u2013 DROITS D\u2019AUTEUR SUR LES SUPPORTS DE COURS<\/a>\n\t\t\t\t\t<\/div>\n\t\t\t\t\t<div id=\"elementor-tab-content-2078\" class=\"elementor-tab-content elementor-clearfix\" data-tab=\"8\" role=\"tabpanel\" aria-labelledby=\"elementor-tab-title-2078\"><p>L\u2019IFCOPS se r\u00e9serve le droit exclusif d\u2019enregistrer sous forme vid\u00e9o ses formations. Il en est de m\u00eame pour la prise de photographies.<\/p><p>\u00c0 ce titre, chaque stagiaire recevra en m\u00eame temps que sa convention de formation (contrat IFCOPS) une demande d\u2019autorisation permettant \u00e0 l\u2019IFCOPS de le filmer dans le cadre du stage auquel il participe et de le prendre en photographie (contrat IFCOPS).<\/p><p>Cette autorisation devra \u00eatre retourn\u00e9e \u00e0 l\u2019IFCOPS avec les autres pi\u00e8ces du dossier d\u2019inscription.<\/p><p>L\u2019utilisation de t\u00e9l\u00e9phone portable, de cam\u00e9scope ou tout autre moyen d\u2019enregistrer les vid\u00e9os ou de prendre des photographies pendant le stage n\u2019est pas autoris\u00e9 (sauf indications contraires de l\u2019IFCOPS)<\/p><p>Les vid\u00e9os et photographies des stages seront remises en fin de formation au stagiaire sur demande de sa part.<\/p><\/div>\n\t\t\t\t<\/div>\n\t\t\t\t\t<\/div>\n\t\t\t\t<\/div>\n\t\t\t\t<\/div>\n\t\t\t\t\t\t<\/div>\n\t\t\t\t\t<\/div>\n\t\t<\/div>\n\t\t\t\t\t\t\t\t<\/div>\n\t\t\t\t\t<\/div>\n\t\t<\/section>\n\t\t\t\t<section class=\"elementor-section elementor-top-section elementor-element elementor-element-5763c25b elementor-section-height-min-height elementor-section-items-stretch elementor-section-boxed elementor-section-height-default\" data-id=\"5763c25b\" data-element_type=\"section\">\n\t\t\t\t\t\t<div class=\"elementor-container elementor-column-gap-default\">\n\t\t\t\t\t\t\t<div class=\"elementor-row\">\n\t\t\t\t\t<div class=\"elementor-column elementor-col-100 elementor-top-column elementor-element elementor-element-430fb7fa\" data-id=\"430fb7fa\" data-element_type=\"column\" data-settings=\"{&quot;background_background&quot;:&quot;classic&quot;}\">\n\t\t\t<div class=\"elementor-column-wrap elementor-element-populated\">\n\t\t\t\t\t\t\t<div class=\"elementor-widget-wrap\">\n\t\t\t\t\t\t<div class=\"elementor-element elementor-element-5d9470de elementor-widget elementor-widget-heading\" data-id=\"5d9470de\" data-element_type=\"widget\" data-widget_type=\"heading.default\">\n\t\t\t\t<div class=\"elementor-widget-container\">\n\t\t\t<h2 class=\"elementor-heading-title elementor-size-default\">Des formations faites  <b> par des osth\u00e9opathes certifi\u00e9s<\/b><\/h2>\t\t<\/div>\n\t\t\t\t<\/div>\n\t\t\t\t<div class=\"elementor-element elementor-element-9d3ba93 elementor-align-center elementor-widget elementor-widget-button\" data-id=\"9d3ba93\" data-element_type=\"widget\" data-widget_type=\"button.default\">\n\t\t\t\t<div class=\"elementor-widget-container\">\n\t\t\t\t\t<div class=\"elementor-button-wrapper\">\n\t\t\t<a href=\"http:\/\/kootoswis.net\/ifcops\/nous-contacter\" class=\"elementor-button-link elementor-button elementor-size-md\" role=\"button\">\n\t\t\t\t\t\t<span class=\"elementor-button-content-wrapper\">\n\t\t\t\t\t\t<span class=\"elementor-button-text\">Je suis int\u00e9ress\u00e9 par une des formations<\/span>\n\t\t<\/span>\n\t\t\t\t\t<\/a>\n\t\t<\/div>\n\t\t\t\t<\/div>\n\t\t\t\t<\/div>\n\t\t\t\t\t\t<\/div>\n\t\t\t\t\t<\/div>\n\t\t<\/div>\n\t\t\t\t\t\t\t\t<\/div>\n\t\t\t\t\t<\/div>\n\t\t<\/section>\n\t\t\t\t<section class=\"elementor-section elementor-top-section elementor-element elementor-element-d696bbf elementor-section-boxed elementor-section-height-default elementor-section-height-default\" data-id=\"d696bbf\" data-element_type=\"section\">\n\t\t\t\t\t\t<div class=\"elementor-container elementor-column-gap-default\">\n\t\t\t\t\t\t\t<div class=\"elementor-row\">\n\t\t\t\t\t<div class=\"elementor-column elementor-col-100 elementor-top-column elementor-element elementor-element-89e7a64\" data-id=\"89e7a64\" data-element_type=\"column\">\n\t\t\t<div class=\"elementor-column-wrap elementor-element-populated\">\n\t\t\t\t\t\t\t<div class=\"elementor-widget-wrap\">\n\t\t\t\t\t\t<div class=\"elementor-element elementor-element-06ccdeb elementor-widget-divider--separator-type-pattern elementor-widget-divider--no-spacing elementor-widget-divider--view-line elementor-widget elementor-widget-divider\" data-id=\"06ccdeb\" data-element_type=\"widget\" data-widget_type=\"divider.default\">\n\t\t\t\t<div class=\"elementor-widget-container\">\n\t\t\t\t\t<div class=\"elementor-divider\" style=\"--divider-pattern-url: url(&quot;data:image\/svg+xml,%3Csvg xmlns=&#039;http:\/\/www.w3.org\/2000\/svg&#039; preserveAspectRatio=&#039;xMidYMid meet&#039; overflow=&#039;visible&#039; height=&#039;100%&#039; viewBox=&#039;0 0 126 26&#039; fill=&#039;black&#039; stroke=&#039;none&#039;%3E%3Cpath d=&#039;M10.7,6l2.5,2.6l-4,4.3l4,5.4l-2.5,1.9l-4.5-5.2l-3.9,4.2L0.7,17L4,13.1L0,8.6l2.3-1.3l3.9,3.9L10.7,6z M23.9,6.6l4.2,4.5L32,7.2l2.3,1.3l-4,4.5l3.2,3.9L32,19.1l-3.9-3.3l-4.5,4.3l-2.5-1.9l4.4-5.1l-4.2-3.9L23.9,6.6zM73.5,6L76,8.6l-4,4.3l4,5.4l-2.5,1.9l-4.5-5.2l-3.9,4.2L63.5,17l4.1-4.7L63.5,8l2.3-1.3l4.1,3.6L73.5,6z M94,6l2.5,2.6l-4,4.3l4,5.4L94,20.1l-3.9-5l-3.9,4.2L84,17l3.2-3.9L84,8.6l2.3-1.3l3.2,3.9L94,6z M106.9,6l4.5,5.1l3.9-3.9l2.3,1.3l-4,4.5l3.2,3.9l-1.6,2.1l-3.9-4.2l-4.5,5.2l-2.5-1.9l4-5.4l-4-4.3L106.9,6z M53.1,6l2.5,2.6l-4,4.3l4,4.6l-2.5,1.9l-4.5-4.5l-3.5,4.5L43.1,17l3.2-3.9l-4-4.5l2.3-1.3l3.9,3.9L53.1,6z&#039;\/%3E%3C\/svg%3E&quot;);\">\n\t\t\t<span class=\"elementor-divider-separator\">\n\t\t\t\t\t\t<\/span>\n\t\t<\/div>\n\t\t\t\t<\/div>\n\t\t\t\t<\/div>\n\t\t\t\t\t\t<\/div>\n\t\t\t\t\t<\/div>\n\t\t<\/div>\n\t\t\t\t\t\t\t\t<\/div>\n\t\t\t\t\t<\/div>\n\t\t<\/section>\n\t\t\t\t\t\t<\/div>\n\t\t\t\t\t\t<\/div>\n\t\t\t\t\t<\/div>\n\t\t","protected":false},"excerpt":{"rendered":"<p>Conditions g\u00e9n\u00e9rales de ventes I. MODALITES D\u2019INSCRIPTION \u00c0 r\u00e9ception de votre demande d\u2019inscription, l\u2019IFCOPS vous enverra un dossier \u00e0 remplir pour confirmer votre inscription. Celle-ci sera prise en compte et valid\u00e9e par l\u2019IFCOPS \u00e0 r\u00e9ception de votre dossier complet. Ce dernier doit nous parvenir avant la date limite de fin d\u2019inscription (indiqu\u00e9e sur le programme &hellip;<\/p>\n<p class=\"read-more\"> <a class=\"\" href=\"https:\/\/kootoswis.net\/ifcops\/conditions-generales-de-ventes\"> <span class=\"screen-reader-text\">Conditions g\u00e9n\u00e9rales de ventes<\/span> Lire la suite\u00a0\u00bb<\/a><\/p>\n","protected":false},"author":1,"featured_media":0,"parent":0,"menu_order":0,"comment_status":"closed","ping_status":"closed","template":"","meta":{"footnotes":""},"class_list":["post-1146","page","type-page","status-publish","hentry"],"_links":{"self":[{"href":"https:\/\/kootoswis.net\/ifcops\/wp-json\/wp\/v2\/pages\/1146","targetHints":{"allow":["GET"]}}],"collection":[{"href":"https:\/\/kootoswis.net\/ifcops\/wp-json\/wp\/v2\/pages"}],"about":[{"href":"https:\/\/kootoswis.net\/ifcops\/wp-json\/wp\/v2\/types\/page"}],"author":[{"embeddable":true,"href":"https:\/\/kootoswis.net\/ifcops\/wp-json\/wp\/v2\/users\/1"}],"replies":[{"embeddable":true,"href":"https:\/\/kootoswis.net\/ifcops\/wp-json\/wp\/v2\/comments?post=1146"}],"version-history":[{"count":10,"href":"https:\/\/kootoswis.net\/ifcops\/wp-json\/wp\/v2\/pages\/1146\/revisions"}],"predecessor-version":[{"id":3854,"href":"https:\/\/kootoswis.net\/ifcops\/wp-json\/wp\/v2\/pages\/1146\/revisions\/3854"}],"wp:attachment":[{"href":"https:\/\/kootoswis.net\/ifcops\/wp-json\/wp\/v2\/media?parent=1146"}],"curies":[{"name":"wp","href":"https:\/\/api.w.org\/{rel}","templated":true}]}}